{"id":9552,"date":"2026-04-07T09:49:50","date_gmt":"2026-04-07T09:49:50","guid":{"rendered":"https:\/\/afinomaq.pt\/?page_id=9552"},"modified":"2026-04-27T14:39:09","modified_gmt":"2026-04-27T14:39:09","slug":"produtos","status":"publish","type":"page","link":"https:\/\/afinomaq.pt\/it\/produtos\/","title":{"rendered":"Prodotti"},"content":{"rendered":"\t\t<div data-elementor-type=\"wp-page\" data-elementor-id=\"9552\" class=\"elementor elementor-9552\" data-elementor-post-type=\"page\">\n\t\t\t\t<div class=\"elementor-element elementor-element-45e04cd e-flex e-con-boxed e-con e-parent\" data-id=\"45e04cd\" data-element_type=\"container\" data-e-type=\"container\">\n\t\t\t\t\t<div class=\"e-con-inner\">\n\t\t\t\t<div class=\"elementor-element elementor-element-f58cdcb elementor-widget elementor-widget-heading\" data-id=\"f58cdcb\" data-element_type=\"widget\" data-e-type=\"widget\" data-widget_type=\"heading.default\">\n\t\t\t\t\t<h2 class=\"elementor-heading-title elementor-size-default\">Produtos<\/h2>\t\t\t\t<\/div>\n\t\t\t\t<div class=\"elementor-element elementor-element-96228df elementor-widget elementor-widget-heading\" data-id=\"96228df\" data-element_type=\"widget\" data-e-type=\"widget\" data-widget_type=\"heading.default\">\n\t\t\t\t\t<h2 class=\"elementor-heading-title elementor-size-default\">Produtos<\/h2>\t\t\t\t<\/div>\n\t\t\t\t<div class=\"elementor-element elementor-element-5bbfac4 elementor-widget elementor-widget-text-editor\" data-id=\"5bbfac4\" data-element_type=\"widget\" data-e-type=\"widget\" data-widget_type=\"text-editor.default\">\n\t\t\t\t\t\t\t\t\t<p><span style=\"font-weight: 400; color: #272d3b;\">Enchimento | Capsulagem | Rotulagem | Monobloco<\/span><\/p>\t\t\t\t\t\t\t\t<\/div>\n\t\t\t\t\t<\/div>\n\t\t\t\t<\/div>\n\t\t<div class=\"elementor-element elementor-element-c3a56a5 e-flex e-con-boxed e-con e-parent\" data-id=\"c3a56a5\" data-element_type=\"container\" data-e-type=\"container\" data-settings=\"{&quot;background_background&quot;:&quot;classic&quot;}\">\n\t\t\t\t\t<div class=\"e-con-inner\">\n\t\t<div class=\"elementor-element elementor-element-2a0cc66 e-con-full e-flex e-con e-child\" data-id=\"2a0cc66\" data-element_type=\"container\" data-e-type=\"container\">\n\t\t<div class=\"elementor-element elementor-element-51aa208 e-con-full e-flex e-con e-child\" data-id=\"51aa208\" data-element_type=\"container\" data-e-type=\"container\">\n\t\t\t\t<div class=\"elementor-element elementor-element-f749319 elementor-widget elementor-widget-image\" data-id=\"f749319\" data-element_type=\"widget\" data-e-type=\"widget\" data-widget_type=\"image.default\">\n\t\t\t\t\t\t\t\t\t\t\t\t\t\t\t<img fetchpriority=\"high\" decoding=\"async\" width=\"1000\" height=\"642\" src=\"https:\/\/afinomaq.pt\/wp-content\/uploads\/2026\/04\/Enchimento-1.webp\" class=\"attachment-large size-large wp-image-9557\" alt=\"\" srcset=\"https:\/\/afinomaq.pt\/wp-content\/uploads\/2026\/04\/Enchimento-1.webp 1000w, https:\/\/afinomaq.pt\/wp-content\/uploads\/2026\/04\/Enchimento-1-300x193.webp 300w, https:\/\/afinomaq.pt\/wp-content\/uploads\/2026\/04\/Enchimento-1-768x493.webp 768w, https:\/\/afinomaq.pt\/wp-content\/uploads\/2026\/04\/Enchimento-1-600x385.webp 600w\" sizes=\"(max-width: 1000px) 100vw, 1000px\" \/>\t\t\t\t\t\t\t\t\t\t\t\t\t\t\t<\/div>\n\t\t\t\t<\/div>\n\t\t<div class=\"elementor-element elementor-element-fe679dc e-con-full e-flex e-con e-child\" data-id=\"fe679dc\" data-element_type=\"container\" data-e-type=\"container\">\n\t\t\t\t<div class=\"elementor-element elementor-element-6cecad2 elementor-widget__width-initial elementor-widget elementor-widget-image-box\" data-id=\"6cecad2\" data-element_type=\"widget\" data-e-type=\"widget\" data-widget_type=\"image-box.default\">\n\t\t\t\t\t<div class=\"elementor-image-box-wrapper\"><div class=\"elementor-image-box-content\"><h3 class=\"elementor-image-box-title\">Enchimento<\/h3><p class=\"elementor-image-box-description\">Solu\u00e7\u00f5es de enchimento de elevada precis\u00e3o, projetadas \u00e0 medida da sua linha de produ\u00e7\u00e3o. Atrav\u00e9s de um sistema linear que dispensa mudan\u00e7as de formato complexas, asseguramos uma opera\u00e7\u00e3o sem desperd\u00edcio e com produtividade garantida, otimizando o rendimento total do seu neg\u00f3cio.<\/p><\/div><\/div>\t\t\t\t<\/div>\n\t\t<div class=\"elementor-element elementor-element-3d7d8c9 e-con-full e-flex e-con e-child\" data-id=\"3d7d8c9\" data-element_type=\"container\" data-e-type=\"container\">\n\t\t\t\t<div class=\"elementor-element elementor-element-8f46a38 elementor-align-left elementor-widget elementor-widget-button\" data-id=\"8f46a38\" data-element_type=\"widget\" data-e-type=\"widget\" data-widget_type=\"button.default\">\n\t\t\t\t\t\t\t\t\t\t<a class=\"elementor-button elementor-button-link elementor-size-sm\" href=\"https:\/\/afinomaq.pt\/enchimento\/\">\n\t\t\t\t\t\t<span class=\"elementor-button-content-wrapper\">\n\t\t\t\t\t\t\t\t\t<span class=\"elementor-button-text\">Produtos<\/span>\n\t\t\t\t\t<\/span>\n\t\t\t\t\t<\/a>\n\t\t\t\t\t\t\t\t<\/div>\n\t\t\t\t<div class=\"elementor-element elementor-element-6f6923c elementor-align-left elementor-widget elementor-widget-button\" data-id=\"6f6923c\" data-element_type=\"widget\" data-e-type=\"widget\" data-widget_type=\"button.default\">\n\t\t\t\t\t\t\t\t\t\t<a class=\"elementor-button elementor-button-link elementor-size-sm\" href=\"https:\/\/afinomaq.pt\/projetos-afinomaq\/\">\n\t\t\t\t\t\t<span class=\"elementor-button-content-wrapper\">\n\t\t\t\t\t\t\t\t\t<span class=\"elementor-button-text\">Projetos<\/span>\n\t\t\t\t\t<\/span>\n\t\t\t\t\t<\/a>\n\t\t\t\t\t\t\t\t<\/div>\n\t\t\t\t<\/div>\n\t\t\t\t<\/div>\n\t\t\t\t<\/div>\n\t\t<div class=\"elementor-element elementor-element-549410c e-con-full e-flex e-con e-child\" data-id=\"549410c\" data-element_type=\"container\" data-e-type=\"container\">\n\t\t<div class=\"elementor-element elementor-element-31806cc e-con-full e-flex e-con e-child\" data-id=\"31806cc\" data-element_type=\"container\" data-e-type=\"container\">\n\t\t\t\t<div class=\"elementor-element elementor-element-ca615e5 elementor-widget__width-initial elementor-widget elementor-widget-image-box\" data-id=\"ca615e5\" data-element_type=\"widget\" data-e-type=\"widget\" data-widget_type=\"image-box.default\">\n\t\t\t\t\t<div class=\"elementor-image-box-wrapper\"><div class=\"elementor-image-box-content\"><h3 class=\"elementor-image-box-title\">Capsulagem<\/h3><p class=\"elementor-image-box-description\">Solu\u00e7\u00f5es de capsulagem de elevada precis\u00e3o, desenhadas para garantir o controlo exato do torque e um fecho perfeito. Com transi\u00e7\u00f5es r\u00e1pidas e sem ferramentas, AFINOMAQ assegura um tratamento suave que protege a embalagem, mantendo a excel\u00eancia e fiabilidade da opera\u00e7\u00e3o.<\/p><\/div><\/div>\t\t\t\t<\/div>\n\t\t<div class=\"elementor-element elementor-element-80230dc e-con-full e-flex e-con e-child\" data-id=\"80230dc\" data-element_type=\"container\" data-e-type=\"container\">\n\t\t\t\t<div class=\"elementor-element elementor-element-a3481a2 elementor-align-left elementor-widget elementor-widget-button\" data-id=\"a3481a2\" data-element_type=\"widget\" data-e-type=\"widget\" data-widget_type=\"button.default\">\n\t\t\t\t\t\t\t\t\t\t<a class=\"elementor-button elementor-button-link elementor-size-sm\" href=\"https:\/\/afinomaq.pt\/capsulagem\/\">\n\t\t\t\t\t\t<span class=\"elementor-button-content-wrapper\">\n\t\t\t\t\t\t\t\t\t<span class=\"elementor-button-text\">Produtos<\/span>\n\t\t\t\t\t<\/span>\n\t\t\t\t\t<\/a>\n\t\t\t\t\t\t\t\t<\/div>\n\t\t\t\t<div class=\"elementor-element elementor-element-cab39bb elementor-align-left elementor-widget elementor-widget-button\" data-id=\"cab39bb\" data-element_type=\"widget\" data-e-type=\"widget\" data-widget_type=\"button.default\">\n\t\t\t\t\t\t\t\t\t\t<a class=\"elementor-button elementor-button-link elementor-size-sm\" href=\"https:\/\/afinomaq.pt\/projetos-afinomaq\/\">\n\t\t\t\t\t\t<span class=\"elementor-button-content-wrapper\">\n\t\t\t\t\t\t\t\t\t<span class=\"elementor-button-text\">Projetos<\/span>\n\t\t\t\t\t<\/span>\n\t\t\t\t\t<\/a>\n\t\t\t\t\t\t\t\t<\/div>\n\t\t\t\t<\/div>\n\t\t\t\t<\/div>\n\t\t<div class=\"elementor-element elementor-element-d0c03ac e-con-full e-flex e-con e-child\" data-id=\"d0c03ac\" data-element_type=\"container\" data-e-type=\"container\">\n\t\t\t\t<div class=\"elementor-element elementor-element-97dbf13 elementor-widget elementor-widget-image\" data-id=\"97dbf13\" data-element_type=\"widget\" data-e-type=\"widget\" data-widget_type=\"image.default\">\n\t\t\t\t\t\t\t\t\t\t\t\t\t\t\t<img decoding=\"async\" width=\"1000\" height=\"642\" src=\"https:\/\/afinomaq.pt\/wp-content\/uploads\/2026\/04\/Capsulagem-1.webp\" class=\"attachment-large size-large wp-image-9556\" alt=\"\" srcset=\"https:\/\/afinomaq.pt\/wp-content\/uploads\/2026\/04\/Capsulagem-1.webp 1000w, https:\/\/afinomaq.pt\/wp-content\/uploads\/2026\/04\/Capsulagem-1-300x193.webp 300w, https:\/\/afinomaq.pt\/wp-content\/uploads\/2026\/04\/Capsulagem-1-768x493.webp 768w, https:\/\/afinomaq.pt\/wp-content\/uploads\/2026\/04\/Capsulagem-1-600x385.webp 600w\" sizes=\"(max-width: 1000px) 100vw, 1000px\" \/>\t\t\t\t\t\t\t\t\t\t\t\t\t\t\t<\/div>\n\t\t\t\t<\/div>\n\t\t\t\t<\/div>\n\t\t<div class=\"elementor-element elementor-element-42fc120 e-con-full e-flex e-con e-child\" data-id=\"42fc120\" data-element_type=\"container\" data-e-type=\"container\">\n\t\t<div class=\"elementor-element elementor-element-4b76548 e-con-full e-flex e-con e-child\" data-id=\"4b76548\" data-element_type=\"container\" data-e-type=\"container\">\n\t\t\t\t<div class=\"elementor-element elementor-element-426e637 elementor-widget elementor-widget-image\" data-id=\"426e637\" data-element_type=\"widget\" data-e-type=\"widget\" data-widget_type=\"image.default\">\n\t\t\t\t\t\t\t\t\t\t\t\t\t\t\t<img decoding=\"async\" width=\"1000\" height=\"642\" src=\"https:\/\/afinomaq.pt\/wp-content\/uploads\/2026\/04\/Rotulagem-1.webp\" class=\"attachment-large size-large wp-image-9555\" alt=\"\" srcset=\"https:\/\/afinomaq.pt\/wp-content\/uploads\/2026\/04\/Rotulagem-1.webp 1000w, https:\/\/afinomaq.pt\/wp-content\/uploads\/2026\/04\/Rotulagem-1-300x193.webp 300w, https:\/\/afinomaq.pt\/wp-content\/uploads\/2026\/04\/Rotulagem-1-768x493.webp 768w, https:\/\/afinomaq.pt\/wp-content\/uploads\/2026\/04\/Rotulagem-1-600x385.webp 600w\" sizes=\"(max-width: 1000px) 100vw, 1000px\" \/>\t\t\t\t\t\t\t\t\t\t\t\t\t\t\t<\/div>\n\t\t\t\t<\/div>\n\t\t<div class=\"elementor-element elementor-element-da42f29 e-con-full e-flex e-con e-child\" data-id=\"da42f29\" data-element_type=\"container\" data-e-type=\"container\">\n\t\t\t\t<div class=\"elementor-element elementor-element-2891fd5 elementor-widget__width-initial elementor-widget elementor-widget-image-box\" data-id=\"2891fd5\" data-element_type=\"widget\" data-e-type=\"widget\" data-widget_type=\"image-box.default\">\n\t\t\t\t\t<div class=\"elementor-image-box-wrapper\"><div class=\"elementor-image-box-content\"><h3 class=\"elementor-image-box-title\">Rotulagem<\/h3><p class=\"elementor-image-box-description\">Solu\u00e7\u00f5es de rotulagem de elevada precis\u00e3o AFINOMAQ, projetadas para um posicionamento milim\u00e9trico em qualquer superf\u00edcie. Com sistemas vers\u00e1teis que se adaptam a m\u00faltiplas dimens\u00f5es, garantimos a integridade visual da sua marca atrav\u00e9s de um alinhamento rigoroso, elevando o padr\u00e3o est\u00e9tico do produto final.<\/p><\/div><\/div>\t\t\t\t<\/div>\n\t\t<div class=\"elementor-element elementor-element-bd23366 e-con-full e-flex e-con e-child\" data-id=\"bd23366\" data-element_type=\"container\" data-e-type=\"container\">\n\t\t\t\t<div class=\"elementor-element elementor-element-1f932cd elementor-align-left elementor-widget elementor-widget-button\" data-id=\"1f932cd\" data-element_type=\"widget\" data-e-type=\"widget\" data-widget_type=\"button.default\">\n\t\t\t\t\t\t\t\t\t\t<a class=\"elementor-button elementor-button-link elementor-size-sm\" href=\"https:\/\/afinomaq.pt\/rotulagem\/\">\n\t\t\t\t\t\t<span class=\"elementor-button-content-wrapper\">\n\t\t\t\t\t\t\t\t\t<span class=\"elementor-button-text\">Produtos<\/span>\n\t\t\t\t\t<\/span>\n\t\t\t\t\t<\/a>\n\t\t\t\t\t\t\t\t<\/div>\n\t\t\t\t<div class=\"elementor-element elementor-element-c4b10ab elementor-align-left elementor-widget elementor-widget-button\" data-id=\"c4b10ab\" data-element_type=\"widget\" data-e-type=\"widget\" data-widget_type=\"button.default\">\n\t\t\t\t\t\t\t\t\t\t<a class=\"elementor-button elementor-button-link elementor-size-sm\" href=\"https:\/\/afinomaq.pt\/projetos-afinomaq\/\">\n\t\t\t\t\t\t<span class=\"elementor-button-content-wrapper\">\n\t\t\t\t\t\t\t\t\t<span class=\"elementor-button-text\">Projetos<\/span>\n\t\t\t\t\t<\/span>\n\t\t\t\t\t<\/a>\n\t\t\t\t\t\t\t\t<\/div>\n\t\t\t\t<\/div>\n\t\t\t\t<\/div>\n\t\t\t\t<\/div>\n\t\t<div class=\"elementor-element elementor-element-88f1988 e-con-full e-flex e-con e-child\" data-id=\"88f1988\" data-element_type=\"container\" data-e-type=\"container\">\n\t\t<div class=\"elementor-element elementor-element-9f043fb e-con-full e-flex e-con e-child\" data-id=\"9f043fb\" data-element_type=\"container\" data-e-type=\"container\">\n\t\t\t\t<div class=\"elementor-element elementor-element-65b21f6 elementor-widget__width-initial elementor-widget elementor-widget-image-box\" data-id=\"65b21f6\" data-element_type=\"widget\" data-e-type=\"widget\" data-widget_type=\"image-box.default\">\n\t\t\t\t\t<div class=\"elementor-image-box-wrapper\"><div class=\"elementor-image-box-content\"><h3 class=\"elementor-image-box-title\">Monobloco<\/h3><p class=\"elementor-image-box-description\">Solu\u00e7\u00f5es em monobloco de elevada precis\u00e3o, projetadas para integrar m\u00faltiplos processos numa \u00fanica estrutura compacta. Com opera\u00e7\u00f5es perfeitamente sincronizadas e transi\u00e7\u00f5es r\u00e1pidas, a AFINOMAQ maximiza o espa\u00e7o da sua f\u00e1brica e assegura um fluxo de produ\u00e7\u00e3o cont\u00ednuo de alta performance.\n<\/p><\/div><\/div>\t\t\t\t<\/div>\n\t\t<div class=\"elementor-element elementor-element-1d0dc0b e-con-full e-flex e-con e-child\" data-id=\"1d0dc0b\" data-element_type=\"container\" data-e-type=\"container\">\n\t\t\t\t<div class=\"elementor-element elementor-element-3275611 elementor-align-left elementor-widget elementor-widget-button\" data-id=\"3275611\" data-element_type=\"widget\" data-e-type=\"widget\" data-widget_type=\"button.default\">\n\t\t\t\t\t\t\t\t\t\t<a class=\"elementor-button elementor-button-link elementor-size-sm\" href=\"https:\/\/afinomaq.pt\/monobloco\/\">\n\t\t\t\t\t\t<span class=\"elementor-button-content-wrapper\">\n\t\t\t\t\t\t\t\t\t<span class=\"elementor-button-text\">Produtos<\/span>\n\t\t\t\t\t<\/span>\n\t\t\t\t\t<\/a>\n\t\t\t\t\t\t\t\t<\/div>\n\t\t\t\t<div class=\"elementor-element elementor-element-34c1c5b elementor-align-left elementor-widget elementor-widget-button\" data-id=\"34c1c5b\" data-element_type=\"widget\" data-e-type=\"widget\" data-widget_type=\"button.default\">\n\t\t\t\t\t\t\t\t\t\t<a class=\"elementor-button elementor-button-link elementor-size-sm\" href=\"https:\/\/afinomaq.pt\/projetos-afinomaq\/\">\n\t\t\t\t\t\t<span class=\"elementor-button-content-wrapper\">\n\t\t\t\t\t\t\t\t\t<span class=\"elementor-button-text\">Projetos<\/span>\n\t\t\t\t\t<\/span>\n\t\t\t\t\t<\/a>\n\t\t\t\t\t\t\t\t<\/div>\n\t\t\t\t<\/div>\n\t\t\t\t<\/div>\n\t\t<div class=\"elementor-element elementor-element-530fbe1 e-con-full e-flex e-con e-child\" data-id=\"530fbe1\" data-element_type=\"container\" data-e-type=\"container\">\n\t\t\t\t<div class=\"elementor-element elementor-element-72b506a elementor-widget elementor-widget-image\" data-id=\"72b506a\" data-element_type=\"widget\" data-e-type=\"widget\" data-widget_type=\"image.default\">\n\t\t\t\t\t\t\t\t\t\t\t\t\t\t\t<img loading=\"lazy\" decoding=\"async\" width=\"1000\" height=\"642\" src=\"https:\/\/afinomaq.pt\/wp-content\/uploads\/2026\/04\/Monobloco-1.webp\" class=\"attachment-large size-large wp-image-9558\" alt=\"\" srcset=\"https:\/\/afinomaq.pt\/wp-content\/uploads\/2026\/04\/Monobloco-1.webp 1000w, https:\/\/afinomaq.pt\/wp-content\/uploads\/2026\/04\/Monobloco-1-300x193.webp 300w, https:\/\/afinomaq.pt\/wp-content\/uploads\/2026\/04\/Monobloco-1-768x493.webp 768w, https:\/\/afinomaq.pt\/wp-content\/uploads\/2026\/04\/Monobloco-1-600x385.webp 600w\" sizes=\"(max-width: 1000px) 100vw, 1000px\" \/>\t\t\t\t\t\t\t\t\t\t\t\t\t\t\t<\/div>\n\t\t\t\t<\/div>\n\t\t\t\t<\/div>\n\t\t\t\t\t<\/div>\n\t\t\t\t<\/div>\n\t\t<div class=\"elementor-element elementor-element-e09bbea e-con-full e-flex e-con e-parent\" data-id=\"e09bbea\" data-element_type=\"container\" data-e-type=\"container\" data-settings=\"{&quot;background_background&quot;:&quot;classic&quot;}\">\n\t\t<div class=\"elementor-element elementor-element-a2b2f27 e-con-full e-flex e-con e-child\" data-id=\"a2b2f27\" data-element_type=\"container\" data-e-type=\"container\">\n\t\t\t\t<div class=\"elementor-element elementor-element-fde7237 elementor-widget elementor-widget-heading\" data-id=\"fde7237\" data-element_type=\"widget\" data-e-type=\"widget\" data-widget_type=\"heading.default\">\n\t\t\t\t\t<h2 class=\"elementor-heading-title elementor-size-default\">Contactos<\/h2>\t\t\t\t<\/div>\n\t\t\t\t<div class=\"elementor-element elementor-element-2cdfbe5 elementor-widget elementor-widget-heading\" data-id=\"2cdfbe5\" data-element_type=\"widget\" data-e-type=\"widget\" data-widget_type=\"heading.default\">\n\t\t\t\t\t<h2 class=\"elementor-heading-title elementor-size-default\">Contactos<\/h2>\t\t\t\t<\/div>\n\t\t<div class=\"elementor-element elementor-element-b129848 e-con-full e-flex e-con e-child\" data-id=\"b129848\" data-element_type=\"container\" data-e-type=\"container\">\n\t\t\t\t<div class=\"elementor-element elementor-element-e61026d elementor-widget elementor-widget-text-editor\" data-id=\"e61026d\" data-element_type=\"widget\" data-e-type=\"widget\" data-widget_type=\"text-editor.default\">\n\t\t\t\t\t\t\t\t\t<p><span style=\"color: #ffffff;\">Praceta Cidade de Roma, N\u00ba1, Parque Industrial do Arneiro, <\/span><span style=\"color: #ffffff;\">2660-456 S. Juli\u00e3o do Tojal \u2013 Portugal<br \/><\/span><\/p>\t\t\t\t\t\t\t\t<\/div>\n\t\t\t\t<div class=\"elementor-element elementor-element-6aa79a8 elementor-icon-list--layout-inline elementor-list-item-link-full_width elementor-widget elementor-widget-icon-list\" data-id=\"6aa79a8\" data-element_type=\"widget\" data-e-type=\"widget\" data-widget_type=\"icon-list.default\">\n\t\t\t\t\t\t\t<ul class=\"elementor-icon-list-items elementor-inline-items\">\n\t\t\t\t\t\t\t<li class=\"elementor-icon-list-item elementor-inline-item\">\n\t\t\t\t\t\t\t\t\t\t\t<a href=\"tel:219737360\">\n\n\t\t\t\t\t\t\t\t\t\t\t<span class=\"elementor-icon-list-text\">(+351) 219 737 360<br><span style=\"font-size:12px\">(Chamada para rede fixa nacional)<\/span><\/span>\n\t\t\t\t\t\t\t\t\t\t\t<\/a>\n\t\t\t\t\t\t\t\t\t<\/li>\n\t\t\t\t\t\t\t\t<li class=\"elementor-icon-list-item elementor-inline-item\">\n\t\t\t\t\t\t\t\t\t\t\t<a href=\"tel:939737360\">\n\n\t\t\t\t\t\t\t\t\t\t\t<span class=\"elementor-icon-list-text\">(+351) 939 737 360<br><span style=\"font-size:12px\">(Chamada para rede m\u00f3vel nacional)<\/span><\/span>\n\t\t\t\t\t\t\t\t\t\t\t<\/a>\n\t\t\t\t\t\t\t\t\t<\/li>\n\t\t\t\t\t\t<\/ul>\n\t\t\t\t\t\t<\/div>\n\t\t\t\t<div class=\"elementor-element elementor-element-3a318d9 elementor-icon-list--layout-inline elementor-list-item-link-full_width elementor-widget elementor-widget-icon-list\" data-id=\"3a318d9\" data-element_type=\"widget\" data-e-type=\"widget\" data-widget_type=\"icon-list.default\">\n\t\t\t\t\t\t\t<ul class=\"elementor-icon-list-items elementor-inline-items\">\n\t\t\t\t\t\t\t<li class=\"elementor-icon-list-item elementor-inline-item\">\n\t\t\t\t\t\t\t\t\t\t\t<a href=\"mailto:comercial@afinomaq.pt\">\n\n\t\t\t\t\t\t\t\t\t\t\t<span class=\"elementor-icon-list-text\">comercial@afinomaq.pt<\/span>\n\t\t\t\t\t\t\t\t\t\t\t<\/a>\n\t\t\t\t\t\t\t\t\t<\/li>\n\t\t\t\t\t\t\t\t<li class=\"elementor-icon-list-item elementor-inline-item\">\n\t\t\t\t\t\t\t\t\t\t\t<a href=\"mailto:afinomaq@afinomaq.pt\">\n\n\t\t\t\t\t\t\t\t\t\t\t<span class=\"elementor-icon-list-text\">afinomaq@afinomaq.pt<\/span>\n\t\t\t\t\t\t\t\t\t\t\t<\/a>\n\t\t\t\t\t\t\t\t\t<\/li>\n\t\t\t\t\t\t<\/ul>\n\t\t\t\t\t\t<\/div>\n\t\t\t\t<\/div>\n\t\t\t\t<\/div>\n\t\t<div class=\"elementor-element elementor-element-a39e725 e-con-full e-flex e-con e-child\" data-id=\"a39e725\" data-element_type=\"container\" data-e-type=\"container\">\n\t\t\t\t<div class=\"elementor-element elementor-element-4062e20 elementor-button-align-end elementor-widget elementor-widget-form\" data-id=\"4062e20\" data-element_type=\"widget\" data-e-type=\"widget\" data-settings=\"{&quot;step_next_label&quot;:&quot;Next&quot;,&quot;step_previous_label&quot;:&quot;Anterior&quot;,&quot;button_width&quot;:&quot;100&quot;,&quot;step_type&quot;:&quot;number_text&quot;,&quot;step_icon_shape&quot;:&quot;circle&quot;}\" data-widget_type=\"form.default\">\n\t\t\t\t\t\t\t<form class=\"elementor-form\" method=\"post\" name=\"New Form\" aria-label=\"New Form\">\n\t\t\t<input type=\"hidden\" name=\"post_id\" value=\"9552\"\/>\n\t\t\t<input type=\"hidden\" name=\"form_id\" value=\"4062e20\"\/>\n\t\t\t<input type=\"hidden\" name=\"referer_title\" value=\"Produtos - Afinomaq\" \/>\n\n\t\t\t\t\t\t\t<input type=\"hidden\" name=\"queried_id\" value=\"9552\"\/>\n\t\t\t\n\t\t\t<div class=\"elementor-form-fields-wrapper elementor-labels-above\">\n\t\t\t\t\t\t\t\t<div class=\"elementor-field-type-text elementor-field-group elementor-column elementor-field-group-name elementor-col-100\">\n\t\t\t\t\t\t\t\t\t\t\t\t<label for=\"form-field-name\" class=\"elementor-field-label\">\n\t\t\t\t\t\t\t\tNome\t\t\t\t\t\t\t<\/label>\n\t\t\t\t\t\t\t\t\t\t\t\t\t\t<input size=\"1\" type=\"text\" name=\"form_fields[name]\" id=\"form-field-name\" class=\"elementor-field elementor-size-sm  elementor-field-textual\">\n\t\t\t\t\t\t\t\t\t\t\t<\/div>\n\t\t\t\t\t\t\t\t<div class=\"elementor-field-type-email elementor-field-group elementor-column elementor-field-group-email elementor-col-100 elementor-field-required\">\n\t\t\t\t\t\t\t\t\t\t\t\t<label for=\"form-field-email\" class=\"elementor-field-label\">\n\t\t\t\t\t\t\t\tEmail*\t\t\t\t\t\t\t<\/label>\n\t\t\t\t\t\t\t\t\t\t\t\t\t\t<input size=\"1\" type=\"email\" name=\"form_fields[email]\" id=\"form-field-email\" class=\"elementor-field elementor-size-sm  elementor-field-textual\" required=\"required\">\n\t\t\t\t\t\t\t\t\t\t\t<\/div>\n\t\t\t\t\t\t\t\t<div class=\"elementor-field-type-textarea elementor-field-group elementor-column elementor-field-group-message elementor-col-100\">\n\t\t\t\t\t\t\t\t\t\t\t\t<label for=\"form-field-message\" class=\"elementor-field-label\">\n\t\t\t\t\t\t\t\tMensagem\t\t\t\t\t\t\t<\/label>\n\t\t\t\t\t\t<textarea class=\"elementor-field-textual elementor-field  elementor-size-sm\" name=\"form_fields[message]\" id=\"form-field-message\" rows=\"3\"><\/textarea>\t\t\t\t<\/div>\n\t\t\t\t\t\t\t\t<div class=\"elementor-field-type-acceptance elementor-field-group elementor-column elementor-field-group-field_c30d464 elementor-col-100\">\n\t\t\t\t\t\t\t<div class=\"elementor-field-subgroup\">\n\t\t\t<span class=\"elementor-field-option\">\n\t\t\t\t<input type=\"checkbox\" name=\"form_fields[field_c30d464]\" id=\"form-field-field_c30d464\" class=\"elementor-field elementor-size-sm  elementor-acceptance-field\">\n\t\t\t\t<label for=\"form-field-field_c30d464\">Concordo com a <a href=\"\/politica-de-privacidade\">Pol\u00edtica de Privacidade<\/a><\/label>\t\t\t<\/span>\n\t\t<\/div>\n\t\t\t\t\t\t<\/div>\n\t\t\t\t\t\t\t\t<div class=\"elementor-field-group elementor-column elementor-field-type-submit elementor-col-100 e-form__buttons\">\n\t\t\t\t\t<button class=\"elementor-button elementor-size-sm\" type=\"submit\">\n\t\t\t\t\t\t<span class=\"elementor-button-content-wrapper\">\n\t\t\t\t\t\t\t\t\t\t\t\t\t\t\t\t\t\t\t\t\t\t<span class=\"elementor-button-text\">Enviar<\/span>\n\t\t\t\t\t\t\t\t\t\t\t\t\t<\/span>\n\t\t\t\t\t<\/button>\n\t\t\t\t<\/div>\n\t\t\t<\/div>\n\t\t<\/form>\n\t\t\t\t\t\t<\/div>\n\t\t\t\t<\/div>\n\t\t\t\t<\/div>\n\t\t\t\t<\/div>\n\t\t","protected":false},"excerpt":{"rendered":"<p>Produtos Produtos Enchimento | Capsulagem | Rotulagem | Monobloco Enchimento Solu\u00e7\u00f5es de enchimento de elevada precis\u00e3o, projetadas \u00e0 medida da sua linha de produ\u00e7\u00e3o. Atrav\u00e9s de um sistema linear que dispensa mudan\u00e7as de formato complexas, asseguramos uma opera\u00e7\u00e3o sem desperd\u00edcio [&hellip;]<\/p>\n","protected":false},"author":1,"featured_media":0,"parent":0,"menu_order":0,"comment_status":"closed","ping_status":"closed","template":"full-width.php","meta":{"footnotes":""},"class_list":["post-9552","page","type-page","status-publish","hentry"],"_links":{"self":[{"href":"https:\/\/afinomaq.pt\/it\/wp-json\/wp\/v2\/pages\/9552","targetHints":{"allow":["GET"]}}],"collection":[{"href":"https:\/\/afinomaq.pt\/it\/wp-json\/wp\/v2\/pages"}],"about":[{"href":"https:\/\/afinomaq.pt\/it\/wp-json\/wp\/v2\/types\/page"}],"author":[{"embeddable":true,"href":"https:\/\/afinomaq.pt\/it\/wp-json\/wp\/v2\/users\/1"}],"replies":[{"embeddable":true,"href":"https:\/\/afinomaq.pt\/it\/wp-json\/wp\/v2\/comments?post=9552"}],"version-history":[{"count":0,"href":"https:\/\/afinomaq.pt\/it\/wp-json\/wp\/v2\/pages\/9552\/revisions"}],"wp:attachment":[{"href":"https:\/\/afinomaq.pt\/it\/wp-json\/wp\/v2\/media?parent=9552"}],"curies":[{"name":"wp","href":"https:\/\/api.w.org\/{rel}","templated":true}]}}