{"id":9159,"date":"2018-12-04T09:30:44","date_gmt":"2018-12-04T09:30:44","guid":{"rendered":"https:\/\/wilmer.qodeinteractive.com\/elementor\/?page_id=3"},"modified":"2026-04-29T08:03:21","modified_gmt":"2026-04-29T08:03:21","slug":"politica-de-privacidade","status":"publish","type":"page","link":"https:\/\/afinomaq.pt\/it\/politica-de-privacidade\/","title":{"rendered":"Informativa sulla privacy"},"content":{"rendered":"<div data-elementor-type=\"wp-page\" data-elementor-id=\"9159\" class=\"elementor elementor-9159\" data-elementor-post-type=\"page\">\n\t\t\t\t<div class=\"elementor-element elementor-element-436ae14 e-flex e-con-boxed e-con e-parent\" data-id=\"436ae14\" data-element_type=\"container\" data-e-type=\"container\">\n\t\t\t\t\t<div class=\"e-con-inner\">\n\t\t\t\t<div class=\"elementor-element elementor-element-db3b486 elementor-widget elementor-widget-heading\" data-id=\"db3b486\" data-element_type=\"widget\" data-e-type=\"widget\" data-widget_type=\"heading.default\">\n\t\t\t\t\t<p class=\"elementor-heading-title elementor-size-default\">Informativa sulla privacy<\/p>\t\t\t\t<\/div>\n\t\t\t\t<div class=\"elementor-element elementor-element-c915fa6 elementor-widget elementor-widget-heading\" data-id=\"c915fa6\" data-element_type=\"widget\" data-e-type=\"widget\" data-widget_type=\"heading.default\">\n\t\t\t\t\t<h1 class=\"elementor-heading-title elementor-size-default\">Informativa sulla privacy<\/h1>\t\t\t\t<\/div>\n\t\t\t\t\t<\/div>\n\t\t\t\t<\/div>\n\t\t<div class=\"elementor-element elementor-element-cc1539a e-flex e-con-boxed e-con e-parent\" data-id=\"cc1539a\" data-element_type=\"container\" data-e-type=\"container\">\n\t\t\t\t\t<div class=\"e-con-inner\">\n\t\t\t\t<div class=\"elementor-element elementor-element-996c65a elementor-widget elementor-widget-text-editor\" data-id=\"996c65a\" data-element_type=\"widget\" data-e-type=\"widget\" data-widget_type=\"text-editor.default\">\n\t\t\t\t\t\t\t\t\t<p><em>Ultimo aggiornamento: 29 aprile 2026<\/em><\/p>\n<h4>Chi siamo?<\/h4>\n<p><strong>Afinomaq<\/strong> <em>Sito web<\/em>: https:\/\/afinomaq.pt\/<\/p>\n<p><strong><em>Email<\/em><\/strong>: <a href=\"mailto:afinomaq@afinomaq.pt\">afinomaq@afinomaq.pt<\/a> \u00a0<\/p>\n<p><strong>Afinomaq<\/strong> e il tuo <em>sito web<\/em> <strong>https:\/\/afinomaq.pt\/<\/strong> garantisce la protezione della privacy dei dati a tutti gli utenti che vi accedono online. A tal fine, \u00e8 stata redatta la presente Informativa sulla privacy. Vi invitiamo a leggere attentamente la presente Informativa sulla privacy in relazione al mantenimento e alla gestione dei dati personali, in modo che possiate dare il vostro consenso implicito e\/o esplicito per autorizzare il trattamento di tali informazioni. La nostra politica \u00e8 stata redatta in conformit\u00e0 al nuovo Regolamento Generale sulla Protezione dei Dati (GDPR), entrato in vigore il 25 maggio 2018, e adotta le migliori pratiche di protezione e sicurezza dei dati personali, con l'obiettivo di fornire il meglio ai nostri utenti. Questa misura si applica a tutte le aziende attive nell'UE, indipendentemente dalla loro ubicazione. O <em>sito web<\/em> <strong>https:\/\/afinomaq.pt\/<\/strong> si riserva il diritto di apportare modifiche alla presente informativa sulla privacy in qualsiasi momento, tenendo conto delle modifiche al Regolamento generale sulla protezione dei dati, e tali modifiche saranno debitamente pubblicate su questa pagina (\u201cInformativa sulla privacy\u201d), nonch\u00e9 sulla pagina \u201cInformativa sui cookie\u201d. La versione pubblicata su questo sito \u00e8 quella aggiornata e attualmente in vigore. Per altre informazioni generali sulla legge si prega di consultare: <a href=\"https:\/\/www.cnpd.pt\/bin\/rgpd\/rgpd.htm\" target=\"_blank\" rel=\"noopener\">https:\/\/www.cnpd.pt\/bin\/rgpd\/rgpd.htm<\/a> Vedi anche il nostro <a href=\"\/it\/politica-de-cookies\/\">politica dei cookie<\/a>. \u00a0<\/p>\n<h4>1. I dati personali e ci\u00f2 che questo sito web raccoglie<\/h4>\n<p>I dati personali rappresentano qualsiasi informazione di un individuo identificato o identificabile, di qualsiasi natura e indipendentemente dal tipo di supporto. Tutti i dati personali raccolti sono forniti volontariamente e oggettivamente dagli utenti e sono destinati esclusivamente all'utilizzo da parte di <em>sito web<\/em> <strong>https:\/\/afinomaq.pt\/<\/strong>, Pertanto, la loro privacy e protezione sono garantite. I dati personali che sono stati de-caratterizzati, codificati o resi anonimi, ma che possono essere utilizzati per identificare nuovamente una persona, sono ancora dati personali e rientrano nell'ambito di applicazione del GDPR. I dati personali che sono stati anonimizzati in modo che la persona non sia pi\u00f9 identificabile non sono pi\u00f9 considerati dati personali. Affinch\u00e9 i dati siano veramente anonimizzati, l'anonimizzazione deve essere irreversibile. Questo <em>sito web<\/em> <strong>https:\/\/afinomaq.pt\/<\/strong> pu\u00f2 raccogliere i seguenti dati personali attraverso i suoi campi di iscrizione (newsletter) o i moduli di contatto: nome, numero di telefono, indirizzo e-mail e azienda rappresentata. Questi dati saranno utilizzati esclusivamente da <strong>Afinomaq<\/strong> per i servizi disponibili e\/o accessibili attraverso il <em>sito web<\/em> <strong>https:\/\/afinomaq.pt\/<\/strong>. Altri dati raccolti, in questo caso automaticamente, sono descritti in dettaglio nella politica sui cookie. Per aumentare l'efficacia delle pagine di questo sito web, vengono talvolta raccolte anche informazioni di navigazione, come il tipo di browser utilizzato, l'area geografica, il numero di clic o il tempo trascorso su ciascuna pagina. Queste informazioni sono generiche e Google non assocer\u00e0 questi dati o l'indirizzo IP dell'utente ad altri dati di identificazione personale. Per saperne di pi\u00f9, consultare la nostra politica sui cookie. \u00a0<\/p>\n<h4>2. Finalit\u00e0 del trattamento dei dati personali<\/h4>\n<p>I dati personali raccolti su questo sito non saranno in nessun caso resi disponibili, venduti, condivisi o divulgati a terzi, n\u00e9 utilizzati per scopi diversi da quelli descritti negli accordi presenti sul sito, ovvero per l'elaborazione di richieste di preventivi, proposte di servizi e risposte a richieste di informazioni e preventivi, per l'elaborazione interna di tali richieste e per occasionali newsletter promozionali. A queste condizioni, compilando qualsiasi modulo di contatto presente sul sito e scegliendo l'opzione di invio, l'utente fornisce un consenso preventivo ed espresso per queste finalit\u00e0. In qualsiasi momento l'utente decida di non ricevere\/inviare ulteriori informazioni, dovr\u00e0 contattarci e comunicarcelo. \u00a0<\/p>\n<h4>3. Titolare del trattamento dei dati<\/h4>\n<p>A <strong>Afinomaq<\/strong>, \u00e8 il soggetto responsabile della raccolta e del trattamento dei dati personali per le finalit\u00e0 indicate nella presente informativa. Un responsabile della protezione e della sicurezza dei dati \u00e8 stato individuato internamente alla nostra azienda (responsabile dei dati). \u00a0<\/p>\n<h4>4. Conservazione dei dati personali<\/h4>\n<p>I dati personali vengono archiviati e conservati, in base alle finalit\u00e0 di cui sopra, per un periodo di tempo relativo a tale finalit\u00e0. I dati personali che hanno come finalit\u00e0 l'invio di proposte di servizi (o preventivi e informazioni su nuovi prodotti e\/o servizi) da parte di <strong>Afinomaq <\/strong>saranno conservati per un periodo di 1 (uno) anno dall'ultimo contatto. In casi sporadici, i dati personali (come Nome e Azienda) possono essere conservati se il proprietario dei dati lo consente. Tuttavia, l'utente pu\u00f2, in qualsiasi momento, richiedere la rimozione di tali dati, in conformit\u00e0 con il diritto di cui al punto 5 della presente Informativa sulla privacy, di cui sotto. \u00a0<\/p>\n<h4>5. Diritto di accesso, rettifica, cancellazione, limitazione del trattamento e portabilit\u00e0 dei dati personali.<\/h4>\n<p>In qualsiasi momento, gli utenti hanno il diritto di accedere ai propri dati personali, come la rettifica, l'esportazione, la consultazione, la cancellazione o l'oblio, la portabilit\u00e0, la delimitazione e\/o l'opposizione al trattamento dei dati. A tal fine, \u00e8 possibile contattare <strong>Afinomaq <\/strong>attraverso l'indirizzo e-mail <a href=\"mailto:afinomaq@afinomaq.pt\">afinomaq@afinomaq.pt<\/a>, scrivendo all'indirizzo della sede centrale o telefonando a <a href=\"tel:+351219737360\">(+351) 219737360<\/a>. Gli utenti possono inoltre presentare qualsiasi reclamo che ritengano necessario all'autorit\u00e0 indicata a tale scopo. Se ritenete che le informazioni contenute in questa informativa sulla privacy non siano spiegate in modo soddisfacente e\/o chiaro, o per qualsiasi altro motivo che riteniate rilevante, non esitate a contattarci al seguente indirizzo e-mail: <a href=\"mailto:afinomaq@afinomaq.pt\">afinomaq@afinomaq.pt<\/a>. <strong>Afinomaq <\/strong>concede inoltre all'utente il diritto di trasmettere i dati personali memorizzati a un altro fornitore di servizi designato dall'utente. \u00a0<\/p>\n<h4>6. Sicurezza nel trattamento dei dati personali<\/h4>\n<p>I dati personali saranno trattati e conservati su supporto informatico e, in alcuni casi, su supporto cartaceo. O <em>sito web<\/em> <strong>https:\/\/afinomaq.pt\/ <\/strong>si assume la responsabilit\u00e0 di garantire la protezione e la sicurezza dei dati che ci inviate tramite il sito web, avendo adottato le necessarie misure appropriate, ovvero: (i) protezione con password, (ii) utilizzo di certificazioni digitali, (iii) restrizioni all'ingresso fisico nei siti in cui si trovano i server di archiviazione dei dati personali; (iv) firewall, (v) comunicazione sicura tramite protocollo https e (vi) software professionale adeguato. Le stesse misure di sicurezza sopra menzionate vengono riviste e aggiornate in base alle esigenze e ai requisiti di tali questioni. Tuttavia, oltre alle <em>sito web<\/em> <strong>https:\/\/afinomaq.pt\/<\/strong>, In caso di violazione della sicurezza, gli utenti devono essere informati e devono anche adottare misure di sicurezza aggiuntive, come ad esempio garantire la presenza di un firewall attivo e di un software antivirus e antispyware aggiornato. In caso di violazione della sicurezza che comporti accidentalmente o illegalmente la cancellazione, la perdita, la modifica, la diffusione o l'accesso non autorizzati di dati personali, il <em>sito web<\/em> <strong>https:\/\/afinomaq.pt\/ <\/strong>si impegna, ai sensi della normativa applicabile, a notificare alle autorit\u00e0 competenti, ove possibile, entro 72 ore dal riconoscimento di tale evento e senza indebito ritardo. In tali casi <strong>Afinomaq <\/strong>comunicher\u00e0 la violazione dei dati personali al rispettivo interessato, in conformit\u00e0 alla normativa, nonch\u00e9 alla CNPD (Commissione Nazionale per la Protezione dei Dati). <strong>Afinomaq <\/strong>non fornir\u00e0 o subappalter\u00e0 a terzi il trattamento dei vostri dati personali. \u00a0<\/p>\n<h4>7. Diritto all'oblio<\/h4>\n<p>L'interessato ha il diritto di ottenere la cancellazione dei propri dati personali dal titolare del trattamento, che a sua volta \u00e8 obbligato a soddisfare la richiesta, qualora si applichi uno dei seguenti motivi: (i) i dati non sono pi\u00f9 pertinenti alle finalit\u00e0 per cui sono stati raccolti o trattati; (ii) l'interessato ritira il consenso, quando il consenso \u00e8 la base giuridica o l'interessato si oppone al trattamento e non vi sono interessi legittimi prevalenti che ne giustifichino il mantenimento. \u00a0<\/p>\n<h4>8. Accesso a social network e siti web di terzi<\/h4>\n<p>La presente informativa sulla privacy non si applica all'utente che visita siti web di terzi. In questo caso, ogni volta che visitate un altro sito web da questo, prima di fornire i vostri dati personali, dovreste sempre leggere l'informativa sulla privacy applicabile a quel sito web e verificare di accettarne i termini. Sul nostro sito web sono presenti collegamenti ai social network. Facendo clic su questi link si possono inviare dati statistici a queste societ\u00e0 e a <a href=\"https:\/\/policies.google.com\/privacy?hl=pt-PT\" target=\"_blank\" rel=\"noopener\">Google Analytics<\/a>. Ulteriori informazioni sulla privacy dei dati sono disponibili sui siti web dei rispettivi social network: <a href=\"https:\/\/www.facebook.com\" target=\"_blank\" rel=\"noopener\">Facebook<\/a>, <a href=\"https:\/\/www.linkedin.com\" target=\"_blank\" rel=\"noopener\">Linkedin<\/a>, <a href=\"https:\/\/www.instagram.com\" target=\"_blank\" rel=\"noopener\">Instagram<\/a>. O <em>sito web<\/em> <strong>https:\/\/afinomaq.pt\/ <\/strong>non \u00e8 responsabile delle politiche sulla privacy applicabili ai siti web di terzi, n\u00e9 dei contenuti resi disponibili su tali siti. \u00a0<\/p>\n<h4>9. Condizioni di utilizzo di questo sito web<\/h4>\n<p>Utilizzando i nostri servizi, l'utente accetta le seguenti condizioni d'uso:<\/p>\n<ol>\n<li>Quando si accede, si naviga o si utilizza il sito <em>sito web<\/em> <strong>https:\/\/afinomaq.pt\/<\/strong>, In conformit\u00e0 con i termini della presente Informativa sulla privacy, l'utente dichiara di aver letto, compreso e accettato l'Informativa sulla privacy. Se non siete d'accordo con questa politica, non dovete accedere a questo sito web;<\/li>\n<li>L'uso di questo sito \u00e8 di esclusiva responsabilit\u00e0 dell'utente.<\/li>\n<li>O <strong>Afinomaq <\/strong>\u00e8 il proprietario di questo sito e, salvo diversa indicazione, di tutti i suoi contenuti, che sono protetti dalle normative nazionali e internazionali in materia di propriet\u00e0 industriale e intellettuale;<\/li>\n<li>O <em>sito web <\/em><strong>https:\/\/afinomaq.pt\/ <\/strong>non garantisce il funzionamento ininterrotto, tempestivo, sicuro o privo di errori del presente sito web;<\/li>\n<li>O <em>sito web <\/em><strong>https:\/\/afinomaq.pt\/ <\/strong>consente il trasferimento e la memorizzazione temporanea dei contenuti di questo sito per la visualizzazione su computer o monitor personali. La memorizzazione permanente o la ridistribuzione dei contenuti del nostro sito \u00e8 espressamente vietata senza la previa autorizzazione di <strong>Afinomaq<\/strong>.<\/li>\n<\/ol>\n<p>Tutti i diritti relativi a questo sito web sono riservati a <strong>https:\/\/afinomaq.pt\/<\/strong>. Quando accedete al nostro sito web, i vostri dati vengono gestiti in conformit\u00e0 con i termini indicati nella pagina della Politica sui cookie, nonch\u00e9 nella pagina della Politica sulla privacy e delle Condizioni d'uso (applicando il vostro consenso a entrambe). Potete accedere a queste pagine senza limiti di accesso e tutte le volte che lo riterrete necessario per verificare le modifiche ai nostri termini e condizioni, che saranno pubblicate su questo sito.<\/p>\t\t\t\t\t\t\t\t<\/div>\n\t\t\t\t\t<\/div>\n\t\t\t\t<\/div>\n\t\t\t\t<\/div>","protected":false},"excerpt":{"rendered":"<p>Pol\u00edtica de Privacidade Pol\u00edtica de Privacidade \u00daltima Atualiza\u00e7\u00e3o em: 29 de abril de 2026 Quem Somos? Afinomaq Website: https:\/\/afinomaq.pt\/ Correio Eletr\u00f3nico (Email): afinomaq@afinomaq.pt \u00a0 Afinomaq e o seu website https:\/\/afinomaq.pt\/ garantem a prote\u00e7\u00e3o de privacidade de dados a todos os [&hellip;]<\/p>\n","protected":false},"author":1,"featured_media":0,"parent":0,"menu_order":0,"comment_status":"closed","ping_status":"open","template":"elementor_header_footer","meta":{"footnotes":""},"class_list":["post-9159","page","type-page","status-publish","hentry"],"_links":{"self":[{"href":"https:\/\/afinomaq.pt\/it\/wp-json\/wp\/v2\/pages\/9159","targetHints":{"allow":["GET"]}}],"collection":[{"href":"https:\/\/afinomaq.pt\/it\/wp-json\/wp\/v2\/pages"}],"about":[{"href":"https:\/\/afinomaq.pt\/it\/wp-json\/wp\/v2\/types\/page"}],"author":[{"embeddable":true,"href":"https:\/\/afinomaq.pt\/it\/wp-json\/wp\/v2\/users\/1"}],"replies":[{"embeddable":true,"href":"https:\/\/afinomaq.pt\/it\/wp-json\/wp\/v2\/comments?post=9159"}],"version-history":[{"count":23,"href":"https:\/\/afinomaq.pt\/it\/wp-json\/wp\/v2\/pages\/9159\/revisions"}],"predecessor-version":[{"id":10580,"href":"https:\/\/afinomaq.pt\/it\/wp-json\/wp\/v2\/pages\/9159\/revisions\/10580"}],"wp:attachment":[{"href":"https:\/\/afinomaq.pt\/it\/wp-json\/wp\/v2\/media?parent=9159"}],"curies":[{"name":"wp","href":"https:\/\/api.w.org\/{rel}","templated":true}]}}