{"id":10506,"date":"2026-04-28T16:02:56","date_gmt":"2026-04-28T16:02:56","guid":{"rendered":"https:\/\/afinomaq.pt\/?page_id=10506"},"modified":"2026-04-29T08:04:18","modified_gmt":"2026-04-29T08:04:18","slug":"politica-de-cookies","status":"publish","type":"page","link":"https:\/\/afinomaq.pt\/it\/politica-de-cookies\/","title":{"rendered":"Informativa sui cookie"},"content":{"rendered":"<div data-elementor-type=\"wp-page\" data-elementor-id=\"10506\" class=\"elementor elementor-10506\" data-elementor-post-type=\"page\">\n\t\t\t\t<div class=\"elementor-element elementor-element-436ae14 e-flex e-con-boxed e-con e-parent\" data-id=\"436ae14\" data-element_type=\"container\" data-e-type=\"container\">\n\t\t\t\t\t<div class=\"e-con-inner\">\n\t\t\t\t<div class=\"elementor-element elementor-element-db3b486 elementor-widget elementor-widget-heading\" data-id=\"db3b486\" data-element_type=\"widget\" data-e-type=\"widget\" data-widget_type=\"heading.default\">\n\t\t\t\t\t<p class=\"elementor-heading-title elementor-size-default\">Informativa sui cookie<\/p>\t\t\t\t<\/div>\n\t\t\t\t<div class=\"elementor-element elementor-element-c915fa6 elementor-widget elementor-widget-heading\" data-id=\"c915fa6\" data-element_type=\"widget\" data-e-type=\"widget\" data-widget_type=\"heading.default\">\n\t\t\t\t\t<h1 class=\"elementor-heading-title elementor-size-default\">Informativa sui cookie<\/h1>\t\t\t\t<\/div>\n\t\t\t\t\t<\/div>\n\t\t\t\t<\/div>\n\t\t<div class=\"elementor-element elementor-element-cc1539a e-flex e-con-boxed e-con e-parent\" data-id=\"cc1539a\" data-element_type=\"container\" data-e-type=\"container\">\n\t\t\t\t\t<div class=\"e-con-inner\">\n\t\t\t\t<div class=\"elementor-element elementor-element-996c65a elementor-widget elementor-widget-text-editor\" data-id=\"996c65a\" data-element_type=\"widget\" data-e-type=\"widget\" data-widget_type=\"text-editor.default\">\n\t\t\t\t\t\t\t\t\t<p><em>Ultimo aggiornamento: 29 aprile 2026<\/em><\/p><h4>Sintesi<\/h4><p>Le pagine \u201cInformativa sulla privacy\u201d e \u201cInformativa sui cookie\u201d descrivono le modalit\u00e0 con cui la <strong>https:\/\/afinomaq.pt\/<\/strong> tratta le informazioni personali che ci fornite accedendo a questo sito web. La pagina \u201cPolitica sui cookie\u201d descrive quali cookie utilizziamo e le loro finalit\u00e0, come li utilizziamo e alcune misure di sicurezza per proteggere la vostra privacy, oltre a fornire informazioni sulla gestione dei cookie. O <strong>https:\/\/afinomaq.pt\/<\/strong> si impegna a garantire il rispetto delle norme della legge sulla protezione dei dati personali, mantenendo la vostra privacy protetta.<\/p><h4>Cosa sono i biscotti?<\/h4><p>\u201cI \u201dcookie\" sono piccoli file memorizzati sul computer dell'utente tramite il browser, che conservano solo le informazioni relative alle preferenze dell'utente e altre informazioni utilizzate nelle pagine web, e quindi non includono i suoi dati personali. I cookie non identificano il singolo utente, ma solo il computer utilizzato.<\/p><p>L'utente ha la possibilit\u00e0, in qualsiasi momento, di configurare il proprio computer in modo da accettare tutti i cookie, notificare l'emissione di un cookie o non ricevere cookie. Il metodo pu\u00f2 variare a seconda del browser, pertanto si consiglia di consultare la sezione \u201cAiuto\u201d del proprio browser.<\/p><h4>Quali cookie utilizziamo?<\/h4><p>O <strong>https:\/\/afinomaq.pt\/<\/strong> utilizza i cookie, in particolare per gestire la navigazione degli utenti, gestione che viene effettuata dal sito stesso <strong>https:\/\/afinomaq.pt\/<\/strong> e a fini di analisi statistica, da parte di organizzazioni esterne.<\/p><p>Di seguito \u00e8 riportato l'elenco dei principali cookie utilizzati:<\/p><ol><li>Google Adwords - consente di visualizzare un annuncio nei risultati di ricerca di Google in modo semplice e veloce;<\/li><li>Google Analytics - \u00e8 lo strumento di analisi di Google che aiuta i proprietari di siti web e applicazioni a capire il coinvolgimento dei visitatori nelle loro propriet\u00e0;<\/li><li>Pixel Facebook - \u00e8 lo strumento di analisi di Facebook che aiuta a misurare l'efficacia della pubblicit\u00e0;<\/li><\/ol><p>Altri cookie utilizzati sul nostro sito web sono i seguenti: cookie delle applicazioni google analytics e adwords, php, php theme, javascript, wordpress e alcuni plugin wordpress. Questi dati sono generici e anonimi e hanno lo scopo di consentire le funzionalit\u00e0 del sito e della sua infrastruttura, la validit\u00e0 della sessione dell'utente, di aumentare l'efficienza del sito web nonch\u00e9 l'elaborazione statistica delle visite alle pagine.<\/p><p>Quando si naviga nel sito web <strong>https:\/\/afinomaq.pt\/<\/strong> si acconsente all'uso dei cookie. In caso di modifiche alla nostra politica sulla privacy o alla nostra politica sui cookie, tali modifiche saranno pubblicate su questo sito web.<\/p><h4>Utilizzo dei cookie per finalit\u00e0 di Remarketing<\/h4><p>I fornitori di servizi del <strong>https:\/\/afinomaq.pt\/<\/strong>, tra cui Google, utilizzano i cookie per pubblicizzare i prodotti e i servizi del sito. <strong>https:\/\/afinomaq.pt\/<\/strong>.<\/p><p>I cookie consentono ai fornitori di servizi di <strong>https:\/\/afinomaq.pt\/<\/strong>, Google, compreso Google, raccoglie informazioni sulle precedenti visite al sito <strong>https:\/\/afinomaq.pt\/<\/strong>, e, sulla base di tali informazioni, di visualizzare su siti web di terzi annunci pubblicitari per la <strong>https:\/\/afinomaq.pt\/<\/strong> rilevanti e di interesse per i clienti e gli altri visitatori del sito web <strong>https:\/\/afinomaq.pt\/<\/strong>.<\/p><p>Clienti e altri visitatori del sito web <strong>https:\/\/afinomaq.pt\/<\/strong> pu\u00f2 rinunciare all'uso dei cookie da parte di Google in qualsiasi momento tramite le impostazioni di Google Ads.<\/p><h4>Componente aggiuntivo del browser per la disattivazione di Google Analytics<\/h4><p>Google ha sviluppato il componente aggiuntivo del browser Google Analytics Opt-out, che offre agli utenti un maggiore controllo sulla gestione dei dati da parte di Google Analytics. Il componente aggiuntivo comunica con il JavaScript di Google Analytics (ga.js) per definire quali dati relativi alla visita del sito non devono essere trasmessi a Google Analytics. Il componente aggiuntivo del browser per l'opt-out di Google Analytics non impedisce l'invio di dati al sito stesso o ad altri servizi di analisi web.<\/p><h4>Controllo e blocco dei cookie<\/h4><p>Tutti i browser consentono all'utente di accettare, rifiutare o eliminare i cookie, in particolare selezionando le impostazioni appropriate nel proprio browser. \u00c8 possibile configurare i cookie nel menu \u201copzioni\u201d o \u201cpreferenze\u201d del browser. Se si accettano i cookie, questi possono rimanere sul computer dell'utente per molti anni, a meno che non vengano cancellati.<\/p><p>Si noti, tuttavia, che disabilitando i cookie si potrebbe impedire il corretto funzionamento di alcuni servizi web, compromettendo, parzialmente o totalmente, la navigazione sul sito. Per saperne di pi\u00f9 sui cookie, tra cui come vedere quali sono stati creati e come gestirli ed eliminarli, visitate il sito www.allaboutcookies.org che include informazioni su come gestire le impostazioni dei vari browser.<\/p>\t\t\t\t\t\t\t\t<\/div>\n\t\t\t\t\t<\/div>\n\t\t\t\t<\/div>\n\t\t\t\t<\/div>","protected":false},"excerpt":{"rendered":"<p>Pol\u00edtica de Cookies Pol\u00edtica de Cookies \u00daltima Atualiza\u00e7\u00e3o em: 29 de abril de 2026 Resumo As p\u00e1ginas \u201cPol\u00edtica de Privacidade\u201d e \u201cPol\u00edtica de Cookies\u201d descrevem como o https:\/\/afinomaq.pt\/ trata as informa\u00e7\u00f5es pessoais que nos fornece por aceder a este site. [&hellip;]<\/p>\n","protected":false},"author":1,"featured_media":0,"parent":0,"menu_order":0,"comment_status":"closed","ping_status":"closed","template":"elementor_header_footer","meta":{"footnotes":""},"class_list":["post-10506","page","type-page","status-publish","hentry"],"_links":{"self":[{"href":"https:\/\/afinomaq.pt\/it\/wp-json\/wp\/v2\/pages\/10506","targetHints":{"allow":["GET"]}}],"collection":[{"href":"https:\/\/afinomaq.pt\/it\/wp-json\/wp\/v2\/pages"}],"about":[{"href":"https:\/\/afinomaq.pt\/it\/wp-json\/wp\/v2\/types\/page"}],"author":[{"embeddable":true,"href":"https:\/\/afinomaq.pt\/it\/wp-json\/wp\/v2\/users\/1"}],"replies":[{"embeddable":true,"href":"https:\/\/afinomaq.pt\/it\/wp-json\/wp\/v2\/comments?post=10506"}],"version-history":[{"count":7,"href":"https:\/\/afinomaq.pt\/it\/wp-json\/wp\/v2\/pages\/10506\/revisions"}],"predecessor-version":[{"id":10583,"href":"https:\/\/afinomaq.pt\/it\/wp-json\/wp\/v2\/pages\/10506\/revisions\/10583"}],"wp:attachment":[{"href":"https:\/\/afinomaq.pt\/it\/wp-json\/wp\/v2\/media?parent=10506"}],"curies":[{"name":"wp","href":"https:\/\/api.w.org\/{rel}","templated":true}]}}