{"id":10506,"date":"2026-04-28T16:02:56","date_gmt":"2026-04-28T16:02:56","guid":{"rendered":"https:\/\/afinomaq.pt\/?page_id=10506"},"modified":"2026-04-29T08:04:18","modified_gmt":"2026-04-29T08:04:18","slug":"politica-de-cookies","status":"publish","type":"page","link":"https:\/\/afinomaq.pt\/fr\/politica-de-cookies\/","title":{"rendered":"Politique en mati\u00e8re de cookies"},"content":{"rendered":"<div data-elementor-type=\"wp-page\" data-elementor-id=\"10506\" class=\"elementor elementor-10506\" data-elementor-post-type=\"page\">\n\t\t\t\t<div class=\"elementor-element elementor-element-436ae14 e-flex e-con-boxed e-con e-parent\" data-id=\"436ae14\" data-element_type=\"container\" data-e-type=\"container\">\n\t\t\t\t\t<div class=\"e-con-inner\">\n\t\t\t\t<div class=\"elementor-element elementor-element-db3b486 elementor-widget elementor-widget-heading\" data-id=\"db3b486\" data-element_type=\"widget\" data-e-type=\"widget\" data-widget_type=\"heading.default\">\n\t\t\t\t\t<p class=\"elementor-heading-title elementor-size-default\">Politique en mati\u00e8re de cookies<\/p>\t\t\t\t<\/div>\n\t\t\t\t<div class=\"elementor-element elementor-element-c915fa6 elementor-widget elementor-widget-heading\" data-id=\"c915fa6\" data-element_type=\"widget\" data-e-type=\"widget\" data-widget_type=\"heading.default\">\n\t\t\t\t\t<h1 class=\"elementor-heading-title elementor-size-default\">Politique en mati\u00e8re de cookies<\/h1>\t\t\t\t<\/div>\n\t\t\t\t\t<\/div>\n\t\t\t\t<\/div>\n\t\t<div class=\"elementor-element elementor-element-cc1539a e-flex e-con-boxed e-con e-parent\" data-id=\"cc1539a\" data-element_type=\"container\" data-e-type=\"container\">\n\t\t\t\t\t<div class=\"e-con-inner\">\n\t\t\t\t<div class=\"elementor-element elementor-element-996c65a elementor-widget elementor-widget-text-editor\" data-id=\"996c65a\" data-element_type=\"widget\" data-e-type=\"widget\" data-widget_type=\"text-editor.default\">\n\t\t\t\t\t\t\t\t\t<p><em>Derni\u00e8re mise \u00e0 jour : 29 avril 2026<\/em><\/p><h4>R\u00e9sum\u00e9<\/h4><p>Les pages \u201cPolitique de confidentialit\u00e9\u201d et \u201cPolitique en mati\u00e8re de cookies\u201d d\u00e9crivent la mani\u00e8re dont le site Internet de la Commission europ\u00e9enne est g\u00e9r\u00e9. <strong>https:\/\/afinomaq.pt\/<\/strong> traite les informations personnelles que vous nous fournissez en acc\u00e9dant \u00e0 ce site web. La page \u201cPolitique en mati\u00e8re de cookies\u201d d\u00e9crit les cookies que nous utilisons et leur finalit\u00e9, la mani\u00e8re dont nous les utilisons et certaines des mesures de s\u00e9curit\u00e9 destin\u00e9es \u00e0 prot\u00e9ger votre vie priv\u00e9e, et fournit des informations sur la gestion des cookies. O <strong>https:\/\/afinomaq.pt\/<\/strong> s'engage \u00e0 respecter les dispositions de la loi sur la protection des donn\u00e9es et \u00e0 prot\u00e9ger votre vie priv\u00e9e.<\/p><h4>Qu'est-ce qu'un biscuit ?<\/h4><p>\u201cLes \u201dcookies\" sont de petits fichiers stock\u00e9s sur votre ordinateur par l'interm\u00e9diaire de votre navigateur. Ils ne conservent que des informations relatives \u00e0 vos pr\u00e9f\u00e9rences et d'autres informations utilis\u00e9es sur les pages web, et n'incluent donc pas vos donn\u00e9es personnelles. Les cookies eux-m\u00eames n'identifient pas l'utilisateur individuel, mais seulement l'ordinateur utilis\u00e9.<\/p><p>L'utilisateur a la possibilit\u00e9, \u00e0 tout moment, de configurer son ordinateur pour qu'il accepte tous les cookies, pour qu'il soit averti lorsqu'un cookie est \u00e9mis ou pour qu'il ne re\u00e7oive pas de cookies. La m\u00e9thode peut varier en fonction du navigateur, nous vous invitons donc \u00e0 consulter la rubrique \u201cAide\u201d de votre navigateur.<\/p><h4>Quels sont les cookies que nous utilisons ?<\/h4><p>O <strong>https:\/\/afinomaq.pt\/<\/strong> utilise des cookies, notamment pour g\u00e9rer la navigation des utilisateurs, cette gestion \u00e9tant effectu\u00e9e par le site lui-m\u00eame <strong>https:\/\/afinomaq.pt\/<\/strong> et \u00e0 des fins d'analyse statistique, par des organisations externes.<\/p><p>Voir la liste des principaux cookies que nous utilisons ci-dessous :<\/p><ol><li>Google Adwords - vous permet d'afficher rapidement et facilement une annonce dans les r\u00e9sultats de recherche de Google ;<\/li><li>Google Analytics - est l'outil d'analyse de Google qui aide les propri\u00e9taires de sites web et d'applications \u00e0 comprendre l'implication de leurs visiteurs dans leurs propri\u00e9t\u00e9s ;<\/li><li>Pixel Facebook - est l'outil d'analyse de Facebook qui permet de mesurer l'efficacit\u00e9 de la publicit\u00e9 ;<\/li><\/ol><p>Les autres cookies utilis\u00e9s sur notre site web sont les suivants : cookies des applications google analytics et adwords, php, th\u00e8me php, javascript, wordpress et certains plugins wordpress. Ces donn\u00e9es sont g\u00e9n\u00e9riques et anonymes et sont destin\u00e9es \u00e0 permettre les fonctionnalit\u00e9s du site et de son infrastructure, la validit\u00e9 de la session de l'utilisateur, l'augmentation de l'efficacit\u00e9 du site ainsi que le traitement statistique des visites de pages.<\/p><p>Lorsque vous naviguez sur le site web <strong>https:\/\/afinomaq.pt\/<\/strong> vous consentez \u00e0 l'utilisation de cookies. En cas de modification de notre politique de confidentialit\u00e9 ou de notre politique en mati\u00e8re de cookies, ces modifications seront publi\u00e9es sur ce site web.<\/p><h4>Utilisation de cookies \u00e0 des fins de remarketing<\/h4><p>Les prestataires de services de l <strong>https:\/\/afinomaq.pt\/<\/strong>, y compris Google, utilisent des cookies dans le but de faire de la publicit\u00e9 pour les produits et services du <strong>https:\/\/afinomaq.pt\/<\/strong>.<\/p><p>Les cookies permettent aux fournisseurs de services de <strong>https:\/\/afinomaq.pt\/<\/strong>, Google, y compris Google, collecte des informations sur les visites pr\u00e9c\u00e9dentes du site <strong>https:\/\/afinomaq.pt\/<\/strong>, et, sur la base de ces informations, d'afficher sur des sites web de tiers des publicit\u00e9s pour le <strong>https:\/\/afinomaq.pt\/<\/strong> pertinentes et int\u00e9ressantes pour les clients et les autres visiteurs du site web <strong>https:\/\/afinomaq.pt\/<\/strong>.<\/p><p>Clients et autres visiteurs du site web <strong>https:\/\/afinomaq.pt\/<\/strong> peut d\u00e9sactiver l'utilisation de cookies par Google \u00e0 tout moment via les param\u00e8tres des annonces Google.<\/p><h4>Module compl\u00e9mentaire de d\u00e9sactivation de Google Analytics dans le navigateur<\/h4><p>Google a d\u00e9velopp\u00e9 le module compl\u00e9mentaire de navigateur pour la d\u00e9sactivation de Google Analytics, qui permet aux utilisateurs de mieux contr\u00f4ler la mani\u00e8re dont leurs donn\u00e9es sont g\u00e9r\u00e9es par Google Analytics. Le module compl\u00e9mentaire communique avec le JavaScript de Google Analytics (ga.js) pour d\u00e9finir les donn\u00e9es relatives \u00e0 la visite du site qui ne doivent pas \u00eatre transmises \u00e0 Google Analytics. Le module compl\u00e9mentaire de d\u00e9sactivation de Google Analytics n'emp\u00eache pas l'envoi de donn\u00e9es au site web lui-m\u00eame ou \u00e0 d'autres services d'analyse du web.<\/p><h4>Contr\u00f4ler et bloquer les cookies<\/h4><p>Tous les navigateurs permettent \u00e0 l'utilisateur d'accepter, de refuser ou de supprimer les cookies, notamment en s\u00e9lectionnant les param\u00e8tres appropri\u00e9s dans leur navigateur. Vous pouvez configurer les cookies dans le menu \u201coptions\u201d ou \u201cpr\u00e9f\u00e9rences\u201d de votre navigateur. Si vous acceptez les cookies, ils peuvent rester sur votre ordinateur pendant de nombreuses ann\u00e9es, \u00e0 moins que vous ne les supprimiez.<\/p><p>Veuillez toutefois noter qu'en d\u00e9sactivant les cookies, vous risquez d'emp\u00eacher certains services web de fonctionner correctement, ce qui affectera, partiellement ou totalement, la navigation sur le site web. Pour en savoir plus sur les cookies, y compris sur la fa\u00e7on de voir quels cookies ont \u00e9t\u00e9 cr\u00e9\u00e9s et sur la fa\u00e7on de les g\u00e9rer et de les supprimer, visitez le site www.allaboutcookies.org qui comprend des informations sur la fa\u00e7on de g\u00e9rer vos param\u00e8tres pour les diff\u00e9rents fournisseurs de navigateurs.<\/p>\t\t\t\t\t\t\t\t<\/div>\n\t\t\t\t\t<\/div>\n\t\t\t\t<\/div>\n\t\t\t\t<\/div>","protected":false},"excerpt":{"rendered":"<p>Pol\u00edtica de Cookies Pol\u00edtica de Cookies \u00daltima Atualiza\u00e7\u00e3o em: 29 de abril de 2026 Resumo As p\u00e1ginas \u201cPol\u00edtica de Privacidade\u201d e \u201cPol\u00edtica de Cookies\u201d descrevem como o https:\/\/afinomaq.pt\/ trata as informa\u00e7\u00f5es pessoais que nos fornece por aceder a este site. [&hellip;]<\/p>\n","protected":false},"author":1,"featured_media":0,"parent":0,"menu_order":0,"comment_status":"closed","ping_status":"closed","template":"elementor_header_footer","meta":{"footnotes":""},"class_list":["post-10506","page","type-page","status-publish","hentry"],"_links":{"self":[{"href":"https:\/\/afinomaq.pt\/fr\/wp-json\/wp\/v2\/pages\/10506","targetHints":{"allow":["GET"]}}],"collection":[{"href":"https:\/\/afinomaq.pt\/fr\/wp-json\/wp\/v2\/pages"}],"about":[{"href":"https:\/\/afinomaq.pt\/fr\/wp-json\/wp\/v2\/types\/page"}],"author":[{"embeddable":true,"href":"https:\/\/afinomaq.pt\/fr\/wp-json\/wp\/v2\/users\/1"}],"replies":[{"embeddable":true,"href":"https:\/\/afinomaq.pt\/fr\/wp-json\/wp\/v2\/comments?post=10506"}],"version-history":[{"count":7,"href":"https:\/\/afinomaq.pt\/fr\/wp-json\/wp\/v2\/pages\/10506\/revisions"}],"predecessor-version":[{"id":10583,"href":"https:\/\/afinomaq.pt\/fr\/wp-json\/wp\/v2\/pages\/10506\/revisions\/10583"}],"wp:attachment":[{"href":"https:\/\/afinomaq.pt\/fr\/wp-json\/wp\/v2\/media?parent=10506"}],"curies":[{"name":"wp","href":"https:\/\/api.w.org\/{rel}","templated":true}]}}