{"id":9159,"date":"2018-12-04T09:30:44","date_gmt":"2018-12-04T09:30:44","guid":{"rendered":"https:\/\/wilmer.qodeinteractive.com\/elementor\/?page_id=3"},"modified":"2026-04-29T08:03:21","modified_gmt":"2026-04-29T08:03:21","slug":"politica-de-privacidade","status":"publish","type":"page","link":"https:\/\/afinomaq.pt\/es\/politica-de-privacidade\/","title":{"rendered":"Pol\u00edtica de privacidad"},"content":{"rendered":"<div data-elementor-type=\"wp-page\" data-elementor-id=\"9159\" class=\"elementor elementor-9159\" data-elementor-post-type=\"page\">\n\t\t\t\t<div class=\"elementor-element elementor-element-436ae14 e-flex e-con-boxed e-con e-parent\" data-id=\"436ae14\" data-element_type=\"container\" data-e-type=\"container\">\n\t\t\t\t\t<div class=\"e-con-inner\">\n\t\t\t\t<div class=\"elementor-element elementor-element-db3b486 elementor-widget elementor-widget-heading\" data-id=\"db3b486\" data-element_type=\"widget\" data-e-type=\"widget\" data-widget_type=\"heading.default\">\n\t\t\t\t\t<p class=\"elementor-heading-title elementor-size-default\">Pol\u00edtica de privacidad<\/p>\t\t\t\t<\/div>\n\t\t\t\t<div class=\"elementor-element elementor-element-c915fa6 elementor-widget elementor-widget-heading\" data-id=\"c915fa6\" data-element_type=\"widget\" data-e-type=\"widget\" data-widget_type=\"heading.default\">\n\t\t\t\t\t<h1 class=\"elementor-heading-title elementor-size-default\">Pol\u00edtica de privacidad<\/h1>\t\t\t\t<\/div>\n\t\t\t\t\t<\/div>\n\t\t\t\t<\/div>\n\t\t<div class=\"elementor-element elementor-element-cc1539a e-flex e-con-boxed e-con e-parent\" data-id=\"cc1539a\" data-element_type=\"container\" data-e-type=\"container\">\n\t\t\t\t\t<div class=\"e-con-inner\">\n\t\t\t\t<div class=\"elementor-element elementor-element-996c65a elementor-widget elementor-widget-text-editor\" data-id=\"996c65a\" data-element_type=\"widget\" data-e-type=\"widget\" data-widget_type=\"text-editor.default\">\n\t\t\t\t\t\t\t\t\t<p><em>\u00daltima actualizaci\u00f3n: 29 de abril de 2026<\/em><\/p>\n<h4>\u00bfQui\u00e9nes somos?<\/h4>\n<p><strong>Afinomaq<\/strong> <em>P\u00e1gina web<\/em>: https:\/\/afinomaq.pt\/<\/p>\n<p><strong><em>Correo electr\u00f3nico<\/em><\/strong>: <a href=\"mailto:afinomaq@afinomaq.pt\">afinomaq@afinomaq.pt<\/a> \u00a0<\/p>\n<p><strong>Afinomaq<\/strong> y su <em>sitio web<\/em> <strong>https:\/\/afinomaq.pt\/<\/strong> garantiza la protecci\u00f3n de la privacidad de los datos de todos los usuarios que acceden a ella en l\u00ednea. Para ello, se ha elaborado la presente Pol\u00edtica de Privacidad. Por favor, lea atentamente esta Pol\u00edtica de Privacidad en relaci\u00f3n con el mantenimiento y gesti\u00f3n de la informaci\u00f3n personal, para que pueda dar su consentimiento impl\u00edcito y\/o expl\u00edcito para autorizar el tratamiento de esta informaci\u00f3n. Nuestra pol\u00edtica ha sido elaborada de acuerdo con el nuevo Reglamento General de Protecci\u00f3n de Datos (GDPR), que entr\u00f3 en vigor el 25 de mayo de 2018, y adopta las mejores pr\u00e1cticas de protecci\u00f3n y seguridad de datos personales, con el objetivo de ofrecer lo mejor a nuestros usuarios. Esta medida se aplica a todas las empresas activas en la UE, independientemente de su ubicaci\u00f3n. O <em>sitio web<\/em> <strong>https:\/\/afinomaq.pt\/<\/strong> se reserva el derecho a realizar cambios en esta pol\u00edtica de privacidad en cualquier momento, teniendo en cuenta los cambios en el Reglamento General de Protecci\u00f3n de Datos, y dichos cambios ser\u00e1n debidamente publicados en esta p\u00e1gina (\u201cPol\u00edtica de Privacidad\u201d), as\u00ed como en la p\u00e1gina \u201cPol\u00edtica de Cookies\u201d. La versi\u00f3n publicada en este sitio web es la que ha sido actualizada y est\u00e1 actualmente en vigor. Para otra informaci\u00f3n general sobre la ley, por favor consulte: <a href=\"https:\/\/www.cnpd.pt\/bin\/rgpd\/rgpd.htm\" target=\"_blank\" rel=\"noopener\">https:\/\/www.cnpd.pt\/bin\/rgpd\/rgpd.htm<\/a> Consulte tambi\u00e9n nuestro <a href=\"\/es\/politica-de-cookies\/\">pol\u00edtica de cookies<\/a>. \u00a0<\/p>\n<h4>1. Datos personales y lo que recoge este sitio web<\/h4>\n<p>Los datos personales representan cualquier informaci\u00f3n de un individuo identificado o identificable, de cualquier naturaleza e independientemente del tipo de soporte. Todos los datos personales recogidos son facilitados voluntaria y objetivamente por los usuarios y est\u00e1n destinados exclusivamente a ser utilizados por <em>sitio web<\/em> <strong>https:\/\/afinomaq.pt\/<\/strong>, Por lo tanto, su privacidad y protecci\u00f3n est\u00e1n garantizadas. Los datos personales que han sido descaracterizados, codificados o anonimizados, pero que pueden utilizarse para volver a identificar a una persona, siguen siendo datos personales y entran en el \u00e1mbito de aplicaci\u00f3n del RGPD. Los datos personales que han sido anonimizados para que la persona ya no sea identificable ya no se consideran datos personales. Para que los datos sean realmente an\u00f3nimos, la anonimizaci\u00f3n debe ser irreversible. Este <em>sitio web<\/em> <strong>https:\/\/afinomaq.pt\/<\/strong> puede recoger los siguientes datos personales a trav\u00e9s de sus campos de suscripci\u00f3n (boletines) o formularios de contacto: nombre, n\u00famero de tel\u00e9fono, direcci\u00f3n de correo electr\u00f3nico y empresa representada. Estos datos ser\u00e1n utilizados exclusivamente por <strong>Afinomaq<\/strong> para los servicios disponibles y\/o accesibles a trav\u00e9s del <em>sitio web<\/em> <strong>https:\/\/afinomaq.pt\/<\/strong>. Otros datos recogidos, en este caso autom\u00e1ticamente, se detallan en la pol\u00edtica de cookies. Con el fin de aumentar la eficacia de las p\u00e1ginas de este sitio web, a veces tambi\u00e9n se recopila informaci\u00f3n de navegaci\u00f3n, como el tipo de navegador utilizado, la zona geogr\u00e1fica, el n\u00famero de clics o el tiempo de permanencia en cada p\u00e1gina. Esta informaci\u00f3n es gen\u00e9rica y Google no asociar\u00e1 estos datos o su direcci\u00f3n IP con otros datos de identificaci\u00f3n personal. M\u00e1s informaci\u00f3n en nuestra pol\u00edtica de cookies. \u00a0<\/p>\n<h4>2. Finalidad del tratamiento de datos personales<\/h4>\n<p>Los datos personales recogidos en este sitio no ser\u00e1n en ning\u00fan caso puestos a disposici\u00f3n, vendidos, compartidos o revelados a terceros, ni utilizados para fines distintos de los descritos en los acuerdos presentes en el sitio, a saber, para la tramitaci\u00f3n de solicitudes de presupuestos, propuestas de servicios y respuestas a solicitudes de informaci\u00f3n y presupuestos, la tramitaci\u00f3n interna de dichas solicitudes y boletines promocionales ocasionales. En estas condiciones, al rellenar cualquier formulario de contacto del sitio web y elegir la opci\u00f3n de env\u00edo, el usuario est\u00e1 dando su consentimiento previo y expreso para estos fines. En cualquier momento en que el usuario decida no recibir\/enviar m\u00e1s informaci\u00f3n, deber\u00e1 ponerse en contacto con nosotros y comunic\u00e1rnoslo. \u00a0<\/p>\n<h4>3. Controlador de datos<\/h4>\n<p>A <strong>Afinomaq<\/strong>, es la entidad responsable de la recogida y el tratamiento de los datos personales para los fines indicados en esta pol\u00edtica. Nuestra empresa ha determinado internamente un responsable de la protecci\u00f3n y la seguridad de los datos (gestor de datos). \u00a0<\/p>\n<h4>4. Conservaci\u00f3n de datos personales<\/h4>\n<p>Los datos personales se almacenan y conservan, de acuerdo con las finalidades mencionadas anteriormente, durante un periodo de tiempo relativo a dicha finalidad. Los datos personales cuya finalidad sea el env\u00edo de propuestas de servicios (o presupuestos e informaci\u00f3n sobre nuevos productos y\/o servicios) de <strong>Afinomaq <\/strong>se conservar\u00e1n durante un per\u00edodo de 1 (un) a\u00f1o tras el \u00faltimo contacto. En casos puntuales, los datos personales (como Nombre y Empresa) podr\u00e1n ser conservados si el titular de los datos as\u00ed lo permite. No obstante, el usuario podr\u00e1, en cualquier momento, solicitar la eliminaci\u00f3n de dichos datos, de conformidad con el derecho establecido en el punto 5 de la presente Pol\u00edtica de Privacidad, mencionado a continuaci\u00f3n. \u00a0<\/p>\n<h4>5. Derecho de acceso, rectificaci\u00f3n, supresi\u00f3n, limitaci\u00f3n del tratamiento y portabilidad de los Datos Personales<\/h4>\n<p>En cualquier momento, los usuarios tienen derecho a acceder a sus datos personales, como rectificaci\u00f3n, exportaci\u00f3n, consulta, supresi\u00f3n u olvido, portabilidad, delimitaci\u00f3n y\/u oposici\u00f3n al tratamiento de datos. Para ello, puede dirigirse a <strong>Afinomaq <\/strong>a trav\u00e9s de la direcci\u00f3n de correo electr\u00f3nico <a href=\"mailto:afinomaq@afinomaq.pt\">afinomaq@afinomaq.pt<\/a>, escribiendo a la direcci\u00f3n de la sede o llamando por tel\u00e9fono a <a href=\"tel:+351219737360\">(+351) 219737360<\/a>. Asimismo, los usuarios podr\u00e1n presentar las reclamaciones que estimen oportunas ante la autoridad indicada al efecto. Si considera que la informaci\u00f3n de esta pol\u00edtica de privacidad no est\u00e1 satisfactoriamente explicada y\/o clara, o por cualquier otro motivo que considere relevante, no dude en ponerse en contacto con nosotros en la siguiente direcci\u00f3n de correo electr\u00f3nico: <a href=\"mailto:afinomaq@afinomaq.pt\">afinomaq@afinomaq.pt<\/a>. <strong>Afinomaq <\/strong>tambi\u00e9n concede al usuario el derecho a transmitir los datos personales que almacena a otro proveedor de servicios que designe el usuario. \u00a0<\/p>\n<h4>6. Seguridad en el tratamiento de datos personales<\/h4>\n<p>Los datos personales se tratar\u00e1n y almacenar\u00e1n en soporte inform\u00e1tico y, en ocasiones, en papel. O <em>sitio web<\/em> <strong>https:\/\/afinomaq.pt\/ <\/strong>asume la responsabilidad de garantizar la protecci\u00f3n y la seguridad de los datos que nos env\u00ede a trav\u00e9s del sitio web, habiendo adoptado las medidas apropiadas necesarias, a saber: (i) protecci\u00f3n con contrase\u00f1as, (ii) uso de certificaciones digitales, (iii) restricciones de entrada f\u00edsica a los sitios donde se encuentran los servidores de almacenamiento de datos personales; (iv) cortafuegos, (v) comunicaci\u00f3n segura a trav\u00e9s del protocolo https y (vi) software profesional apropiado. Las mismas medidas de seguridad mencionadas anteriormente son revisadas y actualizadas en funci\u00f3n de las necesidades y requerimientos de estas materias. No obstante, adem\u00e1s de las <em>sitio web<\/em> <strong>https:\/\/afinomaq.pt\/<\/strong>, En caso de violaci\u00f3n de la seguridad, los usuarios deber\u00e1n ser informados y adoptar medidas de seguridad adicionales, como garantizar la existencia de un cortafuegos activo y de programas antivirus y antiesp\u00eda actualizados. En caso de violaci\u00f3n de la seguridad que, de forma accidental o il\u00edcita, provoque la supresi\u00f3n, la p\u00e9rdida, la modificaci\u00f3n, la difusi\u00f3n o el acceso no autorizados a datos personales, el <em>sitio web<\/em> <strong>https:\/\/afinomaq.pt\/ <\/strong>se compromete, en los t\u00e9rminos de la legislaci\u00f3n aplicable, a informar a las autoridades competentes, siempre que sea posible, en las 72 horas siguientes al reconocimiento de tal hecho y sin demora injustificada. En tales casos <strong>Afinomaq <\/strong>comunicar\u00e1 la violaci\u00f3n de los datos personales al respectivo interesado, de conformidad con la legislaci\u00f3n, as\u00ed como a la CNPD (Comisi\u00f3n Nacional de Protecci\u00f3n de Datos). <strong>Afinomaq <\/strong>no facilitar\u00e1 ni subcontratar\u00e1 a terceros para el tratamiento de sus datos personales. \u00a0<\/p>\n<h4>7. Derecho al olvido<\/h4>\n<p>El interesado tiene derecho a obtener la supresi\u00f3n de sus datos personales del responsable del tratamiento, que a su vez est\u00e1 obligado a atender la solicitud, siempre que concurra uno de los motivos siguientes: (i) los datos ya no son pertinentes para los fines para los que fueron recogidos o tratados; (ii) el interesado retira su consentimiento, cuando el consentimiento es la base jur\u00eddica o el interesado se opone al tratamiento y no existen intereses leg\u00edtimos imperiosos que justifiquen que se sigan utilizando. \u00a0<\/p>\n<h4>8. Acceso a redes sociales y sitios web de terceros<\/h4>\n<p>Esta pol\u00edtica de privacidad no se le aplica si visita sitios web de terceros. En este caso, siempre que visite otro sitio web desde \u00e9ste, antes de facilitar sus datos personales, deber\u00e1 leer la pol\u00edtica de privacidad aplicable a ese sitio web y comprobar que est\u00e1 de acuerdo con sus t\u00e9rminos. En nuestro sitio web hay enlaces a redes sociales. Al hacer clic en estos enlaces puede enviar datos estad\u00edsticos a estas empresas y a <a href=\"https:\/\/policies.google.com\/privacy?hl=pt-PT\" target=\"_blank\" rel=\"noopener\">Google Analytics<\/a>. Puede encontrar m\u00e1s informaci\u00f3n sobre la privacidad de los datos en los sitios web de las respectivas redes sociales: <a href=\"https:\/\/www.facebook.com\" target=\"_blank\" rel=\"noopener\">Facebook<\/a>, <a href=\"https:\/\/www.linkedin.com\" target=\"_blank\" rel=\"noopener\">Linkedin<\/a>, <a href=\"https:\/\/www.instagram.com\" target=\"_blank\" rel=\"noopener\">Instagram<\/a>. O <em>sitio web<\/em> <strong>https:\/\/afinomaq.pt\/ <\/strong>no es responsable de las pol\u00edticas de privacidad aplicables en los sitios web de terceros, ni de los contenidos puestos a disposici\u00f3n en estos sitios web. \u00a0<\/p>\n<h4>9. Condiciones de uso de este sitio web<\/h4>\n<p>Al utilizar nuestros servicios, usted acepta las siguientes condiciones de uso:<\/p>\n<ol>\n<li>Cuando acceda, navegue o utilice <em>sitio web<\/em> <strong>https:\/\/afinomaq.pt\/<\/strong>, De acuerdo con los t\u00e9rminos de esta Pol\u00edtica de Privacidad, usted reconoce que ha le\u00eddo, entendido y aceptado la Pol\u00edtica de Privacidad. Si no est\u00e1 de acuerdo con esta pol\u00edtica, no debe acceder a este sitio web;<\/li>\n<li>El uso de este sitio es responsabilidad exclusiva del usuario.<\/li>\n<li>O <strong>Afinomaq <\/strong>es titular de este sitio web y, salvo que expresamente se indique lo contrario, de todos sus contenidos, los cuales se encuentran protegidos por las normas nacionales e internacionales de propiedad industrial e intelectual;<\/li>\n<li>O <em>sitio web <\/em><strong>https:\/\/afinomaq.pt\/ <\/strong>no garantiza el funcionamiento ininterrumpido, puntual, seguro o libre de errores de este sitio web;<\/li>\n<li>O <em>sitio web <\/em><strong>https:\/\/afinomaq.pt\/ <\/strong>permite la transferencia y el almacenamiento temporal de contenidos de este sitio para su visualizaci\u00f3n en ordenadores o monitores personales. El almacenamiento permanente o la redistribuci\u00f3n de los contenidos de nuestro sitio est\u00e1n expresamente prohibidos sin la autorizaci\u00f3n previa de <strong>Afinomaq<\/strong>.<\/li>\n<\/ol>\n<p>Todos los derechos relacionados con este sitio web est\u00e1n reservados a <strong>https:\/\/afinomaq.pt\/<\/strong>. Cuando accede a nuestro sitio web, sus datos se gestionan de acuerdo con los t\u00e9rminos indicados en la p\u00e1gina de Pol\u00edtica de Cookies, as\u00ed como en la p\u00e1gina de Pol\u00edtica de Privacidad y Condiciones de Uso (aplicando su conformidad con ambas). Puede acceder a estas p\u00e1ginas sin l\u00edmites de acceso y con la frecuencia que considere necesaria para comprobar si se han producido cambios en nuestros t\u00e9rminos y condiciones, que se publicar\u00e1n en este sitio web.<\/p>\t\t\t\t\t\t\t\t<\/div>\n\t\t\t\t\t<\/div>\n\t\t\t\t<\/div>\n\t\t\t\t<\/div>","protected":false},"excerpt":{"rendered":"<p>Pol\u00edtica de Privacidade Pol\u00edtica de Privacidade \u00daltima Atualiza\u00e7\u00e3o em: 29 de abril de 2026 Quem Somos? Afinomaq Website: https:\/\/afinomaq.pt\/ Correio Eletr\u00f3nico (Email): afinomaq@afinomaq.pt \u00a0 Afinomaq e o seu website https:\/\/afinomaq.pt\/ garantem a prote\u00e7\u00e3o de privacidade de dados a todos os [&hellip;]<\/p>\n","protected":false},"author":1,"featured_media":0,"parent":0,"menu_order":0,"comment_status":"closed","ping_status":"open","template":"elementor_header_footer","meta":{"footnotes":""},"class_list":["post-9159","page","type-page","status-publish","hentry"],"_links":{"self":[{"href":"https:\/\/afinomaq.pt\/es\/wp-json\/wp\/v2\/pages\/9159","targetHints":{"allow":["GET"]}}],"collection":[{"href":"https:\/\/afinomaq.pt\/es\/wp-json\/wp\/v2\/pages"}],"about":[{"href":"https:\/\/afinomaq.pt\/es\/wp-json\/wp\/v2\/types\/page"}],"author":[{"embeddable":true,"href":"https:\/\/afinomaq.pt\/es\/wp-json\/wp\/v2\/users\/1"}],"replies":[{"embeddable":true,"href":"https:\/\/afinomaq.pt\/es\/wp-json\/wp\/v2\/comments?post=9159"}],"version-history":[{"count":23,"href":"https:\/\/afinomaq.pt\/es\/wp-json\/wp\/v2\/pages\/9159\/revisions"}],"predecessor-version":[{"id":10580,"href":"https:\/\/afinomaq.pt\/es\/wp-json\/wp\/v2\/pages\/9159\/revisions\/10580"}],"wp:attachment":[{"href":"https:\/\/afinomaq.pt\/es\/wp-json\/wp\/v2\/media?parent=9159"}],"curies":[{"name":"wp","href":"https:\/\/api.w.org\/{rel}","templated":true}]}}