{"id":10506,"date":"2026-04-28T16:02:56","date_gmt":"2026-04-28T16:02:56","guid":{"rendered":"https:\/\/afinomaq.pt\/?page_id=10506"},"modified":"2026-04-29T08:04:18","modified_gmt":"2026-04-29T08:04:18","slug":"politica-de-cookies","status":"publish","type":"page","link":"https:\/\/afinomaq.pt\/es\/politica-de-cookies\/","title":{"rendered":"Pol\u00edtica de cookies"},"content":{"rendered":"<div data-elementor-type=\"wp-page\" data-elementor-id=\"10506\" class=\"elementor elementor-10506\" data-elementor-post-type=\"page\">\n\t\t\t\t<div class=\"elementor-element elementor-element-436ae14 e-flex e-con-boxed e-con e-parent\" data-id=\"436ae14\" data-element_type=\"container\" data-e-type=\"container\">\n\t\t\t\t\t<div class=\"e-con-inner\">\n\t\t\t\t<div class=\"elementor-element elementor-element-db3b486 elementor-widget elementor-widget-heading\" data-id=\"db3b486\" data-element_type=\"widget\" data-e-type=\"widget\" data-widget_type=\"heading.default\">\n\t\t\t\t\t<p class=\"elementor-heading-title elementor-size-default\">Pol\u00edtica de cookies<\/p>\t\t\t\t<\/div>\n\t\t\t\t<div class=\"elementor-element elementor-element-c915fa6 elementor-widget elementor-widget-heading\" data-id=\"c915fa6\" data-element_type=\"widget\" data-e-type=\"widget\" data-widget_type=\"heading.default\">\n\t\t\t\t\t<h1 class=\"elementor-heading-title elementor-size-default\">Pol\u00edtica de cookies<\/h1>\t\t\t\t<\/div>\n\t\t\t\t\t<\/div>\n\t\t\t\t<\/div>\n\t\t<div class=\"elementor-element elementor-element-cc1539a e-flex e-con-boxed e-con e-parent\" data-id=\"cc1539a\" data-element_type=\"container\" data-e-type=\"container\">\n\t\t\t\t\t<div class=\"e-con-inner\">\n\t\t\t\t<div class=\"elementor-element elementor-element-996c65a elementor-widget elementor-widget-text-editor\" data-id=\"996c65a\" data-element_type=\"widget\" data-e-type=\"widget\" data-widget_type=\"text-editor.default\">\n\t\t\t\t\t\t\t\t\t<p><em>\u00daltima actualizaci\u00f3n: 29 de abril de 2026<\/em><\/p><h4>Resumen<\/h4><p>Las p\u00e1ginas \u201cPol\u00edtica de privacidad\u201d y \u201cPol\u00edtica de cookies\u201d describen el modo en que la <strong>https:\/\/afinomaq.pt\/<\/strong> procesa la informaci\u00f3n personal que usted nos proporciona al acceder a este sitio web. La p\u00e1gina \u201cPol\u00edtica de cookies\u201d describe qu\u00e9 cookies utilizamos y sus finalidades, c\u00f3mo las utilizamos y algunas de las medidas de seguridad para proteger su privacidad, adem\u00e1s de proporcionar informaci\u00f3n sobre la gesti\u00f3n de cookies. O <strong>https:\/\/afinomaq.pt\/<\/strong> se compromete a garantizar el cumplimiento de la normativa de la Ley de Protecci\u00f3n de Datos, manteniendo su privacidad protegida.<\/p><h4>\u00bfQu\u00e9 son las cookies?<\/h4><p>\u201cLas \u201dcookies\" son peque\u00f1os archivos que se almacenan en su ordenador a trav\u00e9s de su navegador. S\u00f3lo conservan informaci\u00f3n relacionada con sus preferencias y otra informaci\u00f3n utilizada en las p\u00e1ginas web, por lo que no incluyen sus datos personales. Las cookies en s\u00ed no identifican al usuario individual, sino \u00fanicamente el ordenador utilizado.<\/p><p>El usuario tiene la posibilidad, en cualquier momento, de configurar su ordenador para aceptar todas las cookies, para que se le notifique la emisi\u00f3n de una cookie o para no recibir cookies. El m\u00e9todo puede variar en funci\u00f3n del navegador, por lo que le rogamos que consulte la secci\u00f3n \u201cAyuda\u201d de su navegador.<\/p><h4>\u00bfQu\u00e9 cookies utilizamos?<\/h4><p>O <strong>https:\/\/afinomaq.pt\/<\/strong> utiliza cookies, en particular, para gestionar la navegaci\u00f3n de los usuarios, gesti\u00f3n que realiza el propio sitio web <strong>https:\/\/afinomaq.pt\/<\/strong> y con fines de an\u00e1lisis estad\u00edstico, por organizaciones externas.<\/p><p>Consulte a continuaci\u00f3n la lista de las principales cookies que utilizamos:<\/p><ol><li>Google Adwords: le permite mostrar un anuncio en los resultados de b\u00fasqueda de Google de forma r\u00e1pida y sencilla;<\/li><li>Google Analytics: es la herramienta de an\u00e1lisis de Google que ayuda a los propietarios de sitios web y aplicaciones a comprender la participaci\u00f3n de sus visitantes en sus propiedades;<\/li><li>Pixel Facebook - es la herramienta de an\u00e1lisis de Facebook que ayuda a medir la eficacia de la publicidad;<\/li><\/ol><p>Otras cookies utilizadas en nuestro sitio web son las siguientes: cookies de las aplicaciones google analytics y adwords, php, php theme, javascript, wordpress y algunos plugins de wordpress. Estos datos son gen\u00e9ricos y an\u00f3nimos y est\u00e1n destinados a permitir las funcionalidades del sitio y su infraestructura, la validez de la sesi\u00f3n del usuario, para aumentar la eficiencia del sitio web, as\u00ed como el tratamiento estad\u00edstico de las visitas a la p\u00e1gina.<\/p><p>Al navegar por el sitio web <strong>https:\/\/afinomaq.pt\/<\/strong> usted acepta el uso de cookies. Si se produce alg\u00fan cambio en nuestra pol\u00edtica de privacidad o en la pol\u00edtica de cookies, dichos cambios se publicar\u00e1n en este sitio web.<\/p><h4>Uso de cookies con fines de remarketing<\/h4><p>Los proveedores de servicios del <strong>https:\/\/afinomaq.pt\/<\/strong>, incluidas las de Google, utilizan cookies con fines publicitarios de los productos y servicios del sitio web. <strong>https:\/\/afinomaq.pt\/<\/strong>.<\/p><p>Las cookies permiten a los proveedores de servicios de <strong>https:\/\/afinomaq.pt\/<\/strong>, Google, incluido Google, recopila informaci\u00f3n sobre visitas anteriores al sitio web <strong>https:\/\/afinomaq.pt\/<\/strong>, y, sobre la base de esta informaci\u00f3n, mostrar en sitios web de terceros anuncios para el <strong>https:\/\/afinomaq.pt\/<\/strong> relevantes y de inter\u00e9s para los clientes y otros visitantes del sitio web <strong>https:\/\/afinomaq.pt\/<\/strong>.<\/p><p>Clientes y otros visitantes del sitio web <strong>https:\/\/afinomaq.pt\/<\/strong> puede inhabilitar el uso de cookies de Google en cualquier momento a trav\u00e9s de la configuraci\u00f3n de anuncios de Google.<\/p><h4>Complemento de inhabilitaci\u00f3n para navegadores de Google Analytics<\/h4><p>Google ha desarrollado el Complemento de inhabilitaci\u00f3n para navegadores de Google Analytics, que ofrece a los usuarios un mayor control sobre el modo en que Google Analytics gestiona sus datos. El complemento se comunica con el JavaScript de Google Analytics (ga.js) para definir qu\u00e9 datos sobre la visita al sitio no deben transmitirse a Google Analytics. El Complemento de inhabilitaci\u00f3n para navegadores de Google Analytics no impide el env\u00edo de datos al propio sitio web o a otros servicios de an\u00e1lisis web.<\/p><h4>Controlar y bloquear las cookies<\/h4><p>Todos los navegadores permiten al usuario aceptar, rechazar o eliminar las cookies, concretamente seleccionando la configuraci\u00f3n adecuada en su navegador. Puede configurar las cookies en el men\u00fa \u201copciones\u201d o \u201cpreferencias\u201d de su navegador. Si acepta las cookies, \u00e9stas pueden permanecer en su ordenador durante muchos a\u00f1os a menos que las elimine.<\/p><p>Tenga en cuenta, no obstante, que al desactivar las cookies puede impedir que algunos servicios web funcionen correctamente, afectando, parcial o totalmente, a la navegaci\u00f3n por el sitio web. Para obtener m\u00e1s informaci\u00f3n sobre las cookies, incluido c\u00f3mo ver qu\u00e9 cookies se han creado y c\u00f3mo gestionarlas y eliminarlas, visite www.allaboutcookies.org, que incluye informaci\u00f3n sobre c\u00f3mo gestionar su configuraci\u00f3n para los distintos proveedores de navegadores.<\/p>\t\t\t\t\t\t\t\t<\/div>\n\t\t\t\t\t<\/div>\n\t\t\t\t<\/div>\n\t\t\t\t<\/div>","protected":false},"excerpt":{"rendered":"<p>Pol\u00edtica de Cookies Pol\u00edtica de Cookies \u00daltima Atualiza\u00e7\u00e3o em: 29 de abril de 2026 Resumo As p\u00e1ginas \u201cPol\u00edtica de Privacidade\u201d e \u201cPol\u00edtica de Cookies\u201d descrevem como o https:\/\/afinomaq.pt\/ trata as informa\u00e7\u00f5es pessoais que nos fornece por aceder a este site. [&hellip;]<\/p>\n","protected":false},"author":1,"featured_media":0,"parent":0,"menu_order":0,"comment_status":"closed","ping_status":"closed","template":"elementor_header_footer","meta":{"footnotes":""},"class_list":["post-10506","page","type-page","status-publish","hentry"],"_links":{"self":[{"href":"https:\/\/afinomaq.pt\/es\/wp-json\/wp\/v2\/pages\/10506","targetHints":{"allow":["GET"]}}],"collection":[{"href":"https:\/\/afinomaq.pt\/es\/wp-json\/wp\/v2\/pages"}],"about":[{"href":"https:\/\/afinomaq.pt\/es\/wp-json\/wp\/v2\/types\/page"}],"author":[{"embeddable":true,"href":"https:\/\/afinomaq.pt\/es\/wp-json\/wp\/v2\/users\/1"}],"replies":[{"embeddable":true,"href":"https:\/\/afinomaq.pt\/es\/wp-json\/wp\/v2\/comments?post=10506"}],"version-history":[{"count":7,"href":"https:\/\/afinomaq.pt\/es\/wp-json\/wp\/v2\/pages\/10506\/revisions"}],"predecessor-version":[{"id":10583,"href":"https:\/\/afinomaq.pt\/es\/wp-json\/wp\/v2\/pages\/10506\/revisions\/10583"}],"wp:attachment":[{"href":"https:\/\/afinomaq.pt\/es\/wp-json\/wp\/v2\/media?parent=10506"}],"curies":[{"name":"wp","href":"https:\/\/api.w.org\/{rel}","templated":true}]}}