{"id":9159,"date":"2018-12-04T09:30:44","date_gmt":"2018-12-04T09:30:44","guid":{"rendered":"https:\/\/wilmer.qodeinteractive.com\/elementor\/?page_id=3"},"modified":"2026-04-29T08:03:21","modified_gmt":"2026-04-29T08:03:21","slug":"politica-de-privacidade","status":"publish","type":"page","link":"https:\/\/afinomaq.pt\/de\/politica-de-privacidade\/","title":{"rendered":"Datenschutzbestimmungen"},"content":{"rendered":"<div data-elementor-type=\"wp-page\" data-elementor-id=\"9159\" class=\"elementor elementor-9159\" data-elementor-post-type=\"page\">\n\t\t\t\t<div class=\"elementor-element elementor-element-436ae14 e-flex e-con-boxed e-con e-parent\" data-id=\"436ae14\" data-element_type=\"container\" data-e-type=\"container\">\n\t\t\t\t\t<div class=\"e-con-inner\">\n\t\t\t\t<div class=\"elementor-element elementor-element-db3b486 elementor-widget elementor-widget-heading\" data-id=\"db3b486\" data-element_type=\"widget\" data-e-type=\"widget\" data-widget_type=\"heading.default\">\n\t\t\t\t\t<p class=\"elementor-heading-title elementor-size-default\">Datenschutzbestimmungen<\/p>\t\t\t\t<\/div>\n\t\t\t\t<div class=\"elementor-element elementor-element-c915fa6 elementor-widget elementor-widget-heading\" data-id=\"c915fa6\" data-element_type=\"widget\" data-e-type=\"widget\" data-widget_type=\"heading.default\">\n\t\t\t\t\t<h1 class=\"elementor-heading-title elementor-size-default\">Datenschutzbestimmungen<\/h1>\t\t\t\t<\/div>\n\t\t\t\t\t<\/div>\n\t\t\t\t<\/div>\n\t\t<div class=\"elementor-element elementor-element-cc1539a e-flex e-con-boxed e-con e-parent\" data-id=\"cc1539a\" data-element_type=\"container\" data-e-type=\"container\">\n\t\t\t\t\t<div class=\"e-con-inner\">\n\t\t\t\t<div class=\"elementor-element elementor-element-996c65a elementor-widget elementor-widget-text-editor\" data-id=\"996c65a\" data-element_type=\"widget\" data-e-type=\"widget\" data-widget_type=\"text-editor.default\">\n\t\t\t\t\t\t\t\t\t<p><em>Zuletzt aktualisiert: 29. April 2026<\/em><\/p>\n<h4>Wer sind wir?<\/h4>\n<p><strong>Afinomaq<\/strong> <em>Website<\/em>: https:\/\/afinomaq.pt\/<\/p>\n<p><strong><em>E-Mail<\/em><\/strong>: <a href=\"mailto:afinomaq@afinomaq.pt\">afinomaq@afinomaq.pt<\/a> \u00a0<\/p>\n<p><strong>Afinomaq<\/strong> und Ihr <em>Website<\/em> <strong>https:\/\/afinomaq.pt\/<\/strong> gew\u00e4hrleistet den Schutz der Daten aller Nutzer, die online auf sie zugreifen. Zu diesem Zweck wurde die vorliegende Datenschutzpolitik ausgearbeitet. Bitte lesen Sie diese Datenschutzrichtlinie im Zusammenhang mit der Pflege und Verwaltung personenbezogener Daten sorgf\u00e4ltig durch, damit Sie Ihre implizite und\/oder ausdr\u00fcckliche Zustimmung zur Verarbeitung dieser Daten erteilen k\u00f6nnen. Unsere Politik wurde in \u00dcbereinstimmung mit der neuen Allgemeinen Datenschutzverordnung (GDPR) erstellt, die am 25. Mai 2018 in Kraft getreten ist, und \u00fcbernimmt die besten Praktiken f\u00fcr den Schutz und die Sicherheit personenbezogener Daten, mit dem Ziel, unseren Nutzern das Beste zu bieten. Diese Ma\u00dfnahme gilt f\u00fcr alle in der EU t\u00e4tigen Unternehmen, unabh\u00e4ngig von deren Standort. O <em>Website<\/em> <strong>https:\/\/afinomaq.pt\/<\/strong> beh\u00e4lt sich das Recht vor, diese Datenschutzerkl\u00e4rung jederzeit unter Ber\u00fccksichtigung der \u00c4nderungen der Allgemeinen Datenschutzverordnung zu \u00e4ndern; diese \u00c4nderungen werden auf dieser Seite (\u201cDatenschutzerkl\u00e4rung\u201d) sowie auf der Seite \u201cCookies Policy\u201d ordnungsgem\u00e4\u00df ver\u00f6ffentlicht. Die auf dieser Website ver\u00f6ffentlichte Version ist diejenige, die aktualisiert wurde und derzeit in Kraft ist. Weitere allgemeine Informationen \u00fcber das Gesetz finden Sie hier: <a href=\"https:\/\/www.cnpd.pt\/bin\/rgpd\/rgpd.htm\" target=\"_blank\" rel=\"noopener\">https:\/\/www.cnpd.pt\/bin\/rgpd\/rgpd.htm<\/a> Siehe auch unser <a href=\"\/de\/politica-de-cookies\/\">Cookie-Richtlinie<\/a>. \u00a0<\/p>\n<h4>1. Pers\u00f6nliche Daten und was diese Website sammelt<\/h4>\n<p>Personenbezogene Daten sind alle Informationen \u00fcber eine identifizierte oder identifizierbare Person, gleich welcher Art und unabh\u00e4ngig von der Art der Unterst\u00fctzung. Alle gesammelten personenbezogenen Daten werden von den Nutzern freiwillig und objektiv \u00fcbermittelt und sind ausschlie\u00dflich zur Verwendung durch <em>Website<\/em> <strong>https:\/\/afinomaq.pt\/<\/strong>, Daher sind ihre Privatsph\u00e4re und ihr Schutz gew\u00e4hrleistet. Personenbezogene Daten, die de-charakterisiert, kodiert oder anonymisiert wurden, die aber zur Re-Identifizierung einer Person verwendet werden k\u00f6nnen, sind immer noch personenbezogene Daten und fallen in den Anwendungsbereich der DSGVO. Personenbezogene Daten, die anonymisiert wurden, so dass die Person nicht mehr identifizierbar ist, gelten nicht mehr als personenbezogene Daten. Damit Daten wirklich anonymisiert werden k\u00f6nnen, muss die Anonymisierung unumkehrbar sein. Diese <em>Website<\/em> <strong>https:\/\/afinomaq.pt\/<\/strong> kann \u00fcber seine Abonnementfelder (Newsletter) oder Kontaktformulare folgende personenbezogene Daten erfassen: Name, Telefonnummer, E-Mail-Adresse und vertretenes Unternehmen. Diese Daten werden ausschlie\u00dflich verwendet von <strong>Afinomaq<\/strong> f\u00fcr die \u00fcber die Website verf\u00fcgbaren und\/oder zug\u00e4nglichen Dienste <em>Website<\/em> <strong>https:\/\/afinomaq.pt\/<\/strong>. Weitere Daten, die in diesem Fall automatisch erhoben werden, sind in der Cookie-Richtlinie aufgef\u00fchrt. Um die Effektivit\u00e4t der Seiten auf dieser Website zu erh\u00f6hen, werden manchmal auch Browsing-Informationen gesammelt, wie z. B. die Art des verwendeten Browsers, das geografische Gebiet, die Anzahl der Klicks oder die Verweildauer auf jeder Seite. Diese Informationen sind allgemeiner Art und Google wird diese Daten oder Ihre IP-Adresse nicht mit anderen pers\u00f6nlich identifizierbaren Daten in Verbindung bringen. Weitere Informationen finden Sie in unserer Cookie-Richtlinie. \u00a0<\/p>\n<h4>2. Zweck der Verarbeitung personenbezogener Daten<\/h4>\n<p>Die auf dieser Website gesammelten personenbezogenen Daten werden unter keinen Umst\u00e4nden Dritten zur Verf\u00fcgung gestellt, verkauft, weitergegeben oder offengelegt und auch nicht f\u00fcr andere als die in den Vereinbarungen auf der Website beschriebenen Zwecke verwendet, n\u00e4mlich f\u00fcr die Bearbeitung von Angebotsanfragen, Dienstleistungsangeboten und Antworten auf Informations- und Angebotsanfragen, die interne Bearbeitung solcher Anfragen und gelegentliche Werbe-Newsletter. Unter diesen Bedingungen gibt der Nutzer, indem er ein Kontaktformular auf der Website ausf\u00fcllt und die Option \"Senden\" w\u00e4hlt, seine vorherige und ausdr\u00fcckliche Zustimmung zu diesen Zwecken. Wenn der Nutzer beschlie\u00dft, keine weiteren Informationen mehr zu erhalten\/zu senden, sollte er sich mit uns in Verbindung setzen und uns dies mitteilen. \u00a0<\/p>\n<h4>3. Data Controller<\/h4>\n<p>A <strong>Afinomaq<\/strong>, ist die verantwortliche Stelle f\u00fcr die Erhebung und Verarbeitung personenbezogener Daten zu den in dieser Richtlinie genannten Zwecken. Ein Verantwortlicher f\u00fcr den Datenschutz und die Datensicherheit wurde intern von unserem Unternehmen bestimmt (Datenverantwortlicher). \u00a0<\/p>\n<h4>4. Aufbewahrung von personenbezogenen Daten<\/h4>\n<p>Personenbezogene Daten werden entsprechend den oben genannten Zwecken f\u00fcr einen dem jeweiligen Zweck entsprechenden Zeitraum gespeichert und aufbewahrt. Personenbezogene Daten, deren Zweck es ist, Dienstleistungsangebote (oder Angebote und Informationen \u00fcber neue Produkte und\/oder Dienstleistungen) von <strong>Afinomaq <\/strong>werden f\u00fcr einen Zeitraum von 1 (einem) Jahr nach dem letzten Kontakt aufbewahrt. In Einzelf\u00e4llen k\u00f6nnen personenbezogene Daten (wie Name und Firma) aufbewahrt werden, wenn der Eigent\u00fcmer der Daten dies erlaubt. Der Nutzer kann jedoch jederzeit die L\u00f6schung dieser Daten verlangen, gem\u00e4\u00df dem unter Punkt 5 dieser Datenschutzrichtlinie genannten Recht. \u00a0<\/p>\n<h4>5. Recht auf Auskunft, Berichtigung, L\u00f6schung, Einschr\u00e4nkung der Verarbeitung und \u00dcbertragbarkeit von personenbezogenen Daten<\/h4>\n<p>Die Nutzer haben jederzeit das Recht auf Zugang zu ihren personenbezogenen Daten, z. B. auf Berichtigung, Ausfuhr, Einsichtnahme, L\u00f6schung oder Vergessen, \u00dcbertragbarkeit, Einschr\u00e4nkung und\/oder Widerspruch gegen die Datenverarbeitung. Zu diesem Zweck k\u00f6nnen Sie sich wenden an <strong>Afinomaq <\/strong>\u00fcber die E-Mail Adresse <a href=\"mailto:afinomaq@afinomaq.pt\">afinomaq@afinomaq.pt<\/a>, schriftlich an die Adresse des Hauptsitzes oder telefonisch <a href=\"tel:+351219737360\">(+351) 219737360<\/a>. Die Nutzer k\u00f6nnen auch alle Beschwerden, die sie f\u00fcr notwendig erachten, bei der zu diesem Zweck angegebenen Stelle einreichen. Wenn Sie der Meinung sind, dass die Informationen in dieser Datenschutzerkl\u00e4rung nicht zufriedenstellend erkl\u00e4rt und\/oder klar sind, oder aus anderen Gr\u00fcnden, die Sie f\u00fcr relevant halten, z\u00f6gern Sie bitte nicht, uns unter der folgenden E-Mail-Adresse zu kontaktieren: <a href=\"mailto:afinomaq@afinomaq.pt\">afinomaq@afinomaq.pt<\/a>. <strong>Afinomaq <\/strong>r\u00e4umt dem Nutzer auch das Recht ein, die bei ihr gespeicherten personenbezogenen Daten an einen anderen, vom Nutzer zu benennenden Diensteanbieter zu \u00fcbermitteln. \u00a0<\/p>\n<h4>6. Sicherheit bei der Verarbeitung von personenbezogenen Daten<\/h4>\n<p>Personenbezogene Daten werden in elektronischer Form und gelegentlich auch in Papierform verarbeitet und gespeichert. O <em>Website<\/em> <strong>https:\/\/afinomaq.pt\/ <\/strong>\u00fcbernimmt die Verantwortung f\u00fcr die Gew\u00e4hrleistung des Schutzes und der Sicherheit der Daten, die Sie uns \u00fcber die Website \u00fcbermitteln, indem sie die erforderlichen geeigneten Ma\u00dfnahmen ergreift, n\u00e4mlich: (i) Schutz durch Passw\u00f6rter, (ii) Verwendung digitaler Zertifizierungen, (iii) Beschr\u00e4nkungen des physischen Zugangs zu den Standorten, an denen sich die Server zur Speicherung personenbezogener Daten befinden; (iv) Firewalls, (v) sichere Kommunikation \u00fcber das https-Protokoll und (vi) geeignete professionelle Software. Die oben genannten Sicherheitsma\u00dfnahmen werden je nach Bedarf und Anforderungen \u00fcberpr\u00fcft und aktualisiert. Allerdings werden zus\u00e4tzlich zu den <em>Website<\/em> <strong>https:\/\/afinomaq.pt\/<\/strong>, Im Falle einer Sicherheitsverletzung sollten die Nutzer informiert werden und zus\u00e4tzliche Sicherheitsma\u00dfnahmen ergreifen, wie z. B. die Gew\u00e4hrleistung einer aktiven Firewall und aktueller Antiviren- und Antispyware-Software. Im Falle einer Sicherheitsverletzung, die versehentlich oder unrechtm\u00e4\u00dfig zur unbefugten L\u00f6schung, zum Verlust, zur \u00c4nderung, zur Verbreitung oder zum Zugriff auf personenbezogene Daten f\u00fchrt, wird der <em>Website<\/em> <strong>https:\/\/afinomaq.pt\/ <\/strong>verpflichtet sich im Rahmen der geltenden Rechtsvorschriften, die zust\u00e4ndigen Beh\u00f6rden nach M\u00f6glichkeit innerhalb von 72 Stunden nach Erkennen eines solchen Ereignisses und ohne unn\u00f6tige Verz\u00f6gerung zu benachrichtigen. In solchen F\u00e4llen <strong>Afinomaq <\/strong>wird die Verletzung personenbezogener Daten der betroffenen Person in \u00dcbereinstimmung mit der Gesetzgebung sowie der CNPD (Nationale Datenschutzkommission) mitteilen. <strong>Afinomaq <\/strong>wird keine Dritten mit der Verarbeitung Ihrer personenbezogenen Daten betrauen oder beauftragen. \u00a0<\/p>\n<h4>7. Recht auf Vergessenwerden<\/h4>\n<p>Die betroffene Person hat das Recht, die L\u00f6schung ihrer personenbezogenen Daten von dem f\u00fcr die Verarbeitung Verantwortlichen zu verlangen, der seinerseits verpflichtet ist, dem Antrag stattzugeben, wenn einer der folgenden Gr\u00fcnde vorliegt: i) die Daten sind f\u00fcr den Zweck, f\u00fcr den sie erhoben oder verarbeitet wurden, nicht mehr relevant; ii) die betroffene Person widerruft ihre Einwilligung, wenn die Einwilligung die Rechtsgrundlage ist oder die betroffene Person der Verarbeitung widerspricht und keine \u00fcberwiegenden berechtigten Interessen die weitere Verwendung rechtfertigen. \u00a0<\/p>\n<h4>8. Zugang zu sozialen Netzwerken und Websites Dritter<\/h4>\n<p>Diese Datenschutzrichtlinie gilt nicht f\u00fcr Sie, wenn Sie Websites Dritter besuchen. In diesem Fall sollten Sie immer, wenn Sie eine andere Website von dieser aus besuchen, vor der Angabe Ihrer pers\u00f6nlichen Daten die f\u00fcr diese Website geltende Datenschutzrichtlinie lesen und \u00fcberpr\u00fcfen, ob Sie mit deren Bedingungen einverstanden sind. Auf unserer Website gibt es Links zu sozialen Netzwerken. Wenn Sie auf diese Links klicken, senden Sie m\u00f6glicherweise statistische Daten an diese Unternehmen und an <a href=\"https:\/\/policies.google.com\/privacy?hl=pt-PT\" target=\"_blank\" rel=\"noopener\">Google Analytics<\/a>. Weitere Informationen zum Datenschutz finden Sie auf den Websites der jeweiligen sozialen Netzwerke: <a href=\"https:\/\/www.facebook.com\" target=\"_blank\" rel=\"noopener\">Facebook<\/a>, <a href=\"https:\/\/www.linkedin.com\" target=\"_blank\" rel=\"noopener\">Linkedin<\/a>, <a href=\"https:\/\/www.instagram.com\" target=\"_blank\" rel=\"noopener\">Instagram<\/a>. O <em>Website<\/em> <strong>https:\/\/afinomaq.pt\/ <\/strong>ist nicht verantwortlich f\u00fcr die Datenschutzrichtlinien, die auf den Websites Dritter gelten, noch f\u00fcr den Inhalt, der auf diesen Websites zur Verf\u00fcgung gestellt wird. \u00a0<\/p>\n<h4>9. Bedingungen f\u00fcr die Nutzung dieser Website<\/h4>\n<p>Durch die Nutzung unserer Dienste erkl\u00e4ren Sie sich mit den folgenden Nutzungsbedingungen einverstanden:<\/p>\n<ol>\n<li>Wenn Sie auf die Website zugreifen, sie durchsuchen oder benutzen <em>Website<\/em> <strong>https:\/\/afinomaq.pt\/<\/strong>, In \u00dcbereinstimmung mit den Bedingungen dieser Datenschutzrichtlinie best\u00e4tigen Sie, dass Sie die Datenschutzrichtlinie gelesen und verstanden haben und ihr zustimmen. Wenn Sie mit dieser Politik nicht einverstanden sind, sollten Sie nicht auf diese Website zugreifen;<\/li>\n<li>Die Nutzung dieser Website liegt in der alleinigen Verantwortung des Nutzers.<\/li>\n<li>O <strong>Afinomaq <\/strong>ist Eigent\u00fcmer dieser Website und, sofern nicht ausdr\u00fccklich anders angegeben, aller ihrer Inhalte, die durch nationale und internationale Vorschriften zum gewerblichen und geistigen Eigentum gesch\u00fctzt sind;<\/li>\n<li>O <em>Website <\/em><strong>https:\/\/afinomaq.pt\/ <\/strong>\u00fcbernimmt keine Garantie f\u00fcr den ununterbrochenen, zeitgerechten, sicheren oder fehlerfreien Betrieb dieser Website;<\/li>\n<li>O <em>Website <\/em><strong>https:\/\/afinomaq.pt\/ <\/strong>erlaubt die \u00dcbertragung und vor\u00fcbergehende Speicherung von Inhalten dieser Website zur Visualisierung auf Personalcomputern oder Monitoren. Die dauerhafte Speicherung oder Weiterverbreitung der Inhalte unserer Website ist ohne vorherige Genehmigung ausdr\u00fccklich untersagt. <strong>Afinomaq<\/strong>.<\/li>\n<\/ol>\n<p>Alle Rechte im Zusammenhang mit dieser Website liegen bei <strong>https:\/\/afinomaq.pt\/<\/strong>. Wenn Sie auf unsere Website zugreifen, werden Ihre Daten gem\u00e4\u00df den Bedingungen verwaltet, die auf der Seite \"Cookies Policy\" sowie auf der Seite \"Privacy Policy\" und \"Terms of Use\" angegeben sind (und mit denen Sie sich einverstanden erkl\u00e4ren). Sie k\u00f6nnen diese Seiten ohne Zugangsbeschr\u00e4nkung und so oft Sie es f\u00fcr notwendig erachten aufrufen, um sich \u00fcber \u00c4nderungen unserer Bedingungen zu informieren, die auf dieser Website ver\u00f6ffentlicht werden.<\/p>\t\t\t\t\t\t\t\t<\/div>\n\t\t\t\t\t<\/div>\n\t\t\t\t<\/div>\n\t\t\t\t<\/div>","protected":false},"excerpt":{"rendered":"<p>Pol\u00edtica de Privacidade Pol\u00edtica de Privacidade \u00daltima Atualiza\u00e7\u00e3o em: 29 de abril de 2026 Quem Somos? Afinomaq Website: https:\/\/afinomaq.pt\/ Correio Eletr\u00f3nico (Email): afinomaq@afinomaq.pt \u00a0 Afinomaq e o seu website https:\/\/afinomaq.pt\/ garantem a prote\u00e7\u00e3o de privacidade de dados a todos os [&hellip;]<\/p>\n","protected":false},"author":1,"featured_media":0,"parent":0,"menu_order":0,"comment_status":"closed","ping_status":"open","template":"elementor_header_footer","meta":{"footnotes":""},"class_list":["post-9159","page","type-page","status-publish","hentry"],"_links":{"self":[{"href":"https:\/\/afinomaq.pt\/de\/wp-json\/wp\/v2\/pages\/9159","targetHints":{"allow":["GET"]}}],"collection":[{"href":"https:\/\/afinomaq.pt\/de\/wp-json\/wp\/v2\/pages"}],"about":[{"href":"https:\/\/afinomaq.pt\/de\/wp-json\/wp\/v2\/types\/page"}],"author":[{"embeddable":true,"href":"https:\/\/afinomaq.pt\/de\/wp-json\/wp\/v2\/users\/1"}],"replies":[{"embeddable":true,"href":"https:\/\/afinomaq.pt\/de\/wp-json\/wp\/v2\/comments?post=9159"}],"version-history":[{"count":23,"href":"https:\/\/afinomaq.pt\/de\/wp-json\/wp\/v2\/pages\/9159\/revisions"}],"predecessor-version":[{"id":10580,"href":"https:\/\/afinomaq.pt\/de\/wp-json\/wp\/v2\/pages\/9159\/revisions\/10580"}],"wp:attachment":[{"href":"https:\/\/afinomaq.pt\/de\/wp-json\/wp\/v2\/media?parent=9159"}],"curies":[{"name":"wp","href":"https:\/\/api.w.org\/{rel}","templated":true}]}}