{"id":10506,"date":"2026-04-28T16:02:56","date_gmt":"2026-04-28T16:02:56","guid":{"rendered":"https:\/\/afinomaq.pt\/?page_id=10506"},"modified":"2026-04-29T08:04:18","modified_gmt":"2026-04-29T08:04:18","slug":"politica-de-cookies","status":"publish","type":"page","link":"https:\/\/afinomaq.pt\/de\/politica-de-cookies\/","title":{"rendered":"Cookie-Richtlinie"},"content":{"rendered":"<div data-elementor-type=\"wp-page\" data-elementor-id=\"10506\" class=\"elementor elementor-10506\" data-elementor-post-type=\"page\">\n\t\t\t\t<div class=\"elementor-element elementor-element-436ae14 e-flex e-con-boxed e-con e-parent\" data-id=\"436ae14\" data-element_type=\"container\" data-e-type=\"container\">\n\t\t\t\t\t<div class=\"e-con-inner\">\n\t\t\t\t<div class=\"elementor-element elementor-element-db3b486 elementor-widget elementor-widget-heading\" data-id=\"db3b486\" data-element_type=\"widget\" data-e-type=\"widget\" data-widget_type=\"heading.default\">\n\t\t\t\t\t<p class=\"elementor-heading-title elementor-size-default\">Cookie-Richtlinie<\/p>\t\t\t\t<\/div>\n\t\t\t\t<div class=\"elementor-element elementor-element-c915fa6 elementor-widget elementor-widget-heading\" data-id=\"c915fa6\" data-element_type=\"widget\" data-e-type=\"widget\" data-widget_type=\"heading.default\">\n\t\t\t\t\t<h1 class=\"elementor-heading-title elementor-size-default\">Cookie-Richtlinie<\/h1>\t\t\t\t<\/div>\n\t\t\t\t\t<\/div>\n\t\t\t\t<\/div>\n\t\t<div class=\"elementor-element elementor-element-cc1539a e-flex e-con-boxed e-con e-parent\" data-id=\"cc1539a\" data-element_type=\"container\" data-e-type=\"container\">\n\t\t\t\t\t<div class=\"e-con-inner\">\n\t\t\t\t<div class=\"elementor-element elementor-element-996c65a elementor-widget elementor-widget-text-editor\" data-id=\"996c65a\" data-element_type=\"widget\" data-e-type=\"widget\" data-widget_type=\"text-editor.default\">\n\t\t\t\t\t\t\t\t\t<p><em>Zuletzt aktualisiert: 29. April 2026<\/em><\/p><h4>Zusammenfassung<\/h4><p>Die Seiten \u201cDatenschutzrichtlinie\u201d und \u201cCookie-Richtlinie\u201d beschreiben, wie die <strong>https:\/\/afinomaq.pt\/<\/strong> verarbeitet die personenbezogenen Daten, die Sie uns beim Zugriff auf diese Website zur Verf\u00fcgung stellen. Auf der Seite \u201cCookie-Richtlinie\u201d wird beschrieben, welche Cookies wir verwenden, welchen Zweck sie haben, wie wir sie einsetzen und welche Sicherheitsma\u00dfnahmen wir ergreifen, um Ihre Privatsph\u00e4re zu sch\u00fctzen, und es werden Informationen zur Verwaltung von Cookies bereitgestellt. O <strong>https:\/\/afinomaq.pt\/<\/strong> verpflichtet sich, die Vorschriften des Datenschutzgesetzes einzuhalten und Ihre Privatsph\u00e4re zu sch\u00fctzen.<\/p><h4>Was sind Cookies?<\/h4><p>\u201cCookies\u201d sind kleine Dateien, die \u00fcber Ihren Browser auf Ihrem Computer gespeichert werden. Sie speichern nur Informationen \u00fcber Ihre Pr\u00e4ferenzen und andere Informationen, die auf den Webseiten verwendet werden, und enthalten daher keine pers\u00f6nlichen Daten. Cookies selbst identifizieren nicht den einzelnen Nutzer, sondern nur den verwendeten Computer.<\/p><p>Der Nutzer hat jederzeit die M\u00f6glichkeit, seinen Computer so zu konfigurieren, dass er alle Cookies akzeptiert, dass er benachrichtigt wird, wenn ein Cookie ausgegeben wird, oder dass er keine Cookies erh\u00e4lt. Die Methode kann je nach Browser variieren, daher konsultieren Sie bitte den Abschnitt \u201cHilfe\u201d Ihres Browsers.<\/p><h4>Welche Cookies verwenden wir?<\/h4><p>O <strong>https:\/\/afinomaq.pt\/<\/strong> verwendet Cookies, um insbesondere die Navigation der Nutzer zu verwalten, wobei diese Verwaltung von der Website selbst durchgef\u00fchrt wird <strong>https:\/\/afinomaq.pt\/<\/strong> und zu Zwecken der statistischen Analyse durch externe Organisationen.<\/p><p>Nachstehend finden Sie eine Liste der wichtigsten von uns verwendeten Cookies:<\/p><ol><li>Google Adwords - erm\u00f6glicht es Ihnen, schnell und einfach eine Anzeige in den Google-Suchergebnissen zu schalten;<\/li><li>Google Analytics - ist das Analysetool von Google, das den Inhabern von Websites und Anwendungen hilft, die Beteiligung ihrer Besucher an ihren Objekten zu verstehen;<\/li><li>Pixel Facebook - ist das Analysetool von Facebook, mit dem sich die Wirksamkeit von Werbung messen l\u00e4sst;<\/li><\/ol><p>Andere Cookies, die auf unserer Website verwendet werden, sind: Cookies von google analytics und adwords-Anwendungen, php, php theme, javascript, wordpress und einige wordpress plugins. Diese Daten sind generisch und anonym und dienen dazu, die Funktionalit\u00e4ten der Website und ihrer Infrastruktur, die G\u00fcltigkeit der Benutzersitzung, die Steigerung der Effizienz der Website sowie die statistische Verarbeitung der Seitenbesuche zu erm\u00f6glichen.<\/p><p>Beim Surfen auf der Website <strong>https:\/\/afinomaq.pt\/<\/strong> erkl\u00e4ren Sie sich mit der Verwendung von Cookies einverstanden. Sollten sich unsere Datenschutz- oder Cookie-Richtlinien \u00e4ndern, werden diese \u00c4nderungen auf dieser Website ver\u00f6ffentlicht.<\/p><h4>Verwendung von Cookies f\u00fcr Remarketing-Zwecke<\/h4><p>Die Dienstanbieter der <strong>https:\/\/afinomaq.pt\/<\/strong>, einschlie\u00dflich Google, verwenden Cookies, um Werbung f\u00fcr die Produkte und Dienstleistungen der <strong>https:\/\/afinomaq.pt\/<\/strong>.<\/p><p>Cookies erm\u00f6glichen den Dienstleistern von <strong>https:\/\/afinomaq.pt\/<\/strong>, Google, einschlie\u00dflich Google, sammeln Informationen \u00fcber fr\u00fchere Besuche auf der Website <strong>https:\/\/afinomaq.pt\/<\/strong>, und auf der Grundlage dieser Informationen auf Websites Dritter Werbung f\u00fcr die <strong>https:\/\/afinomaq.pt\/<\/strong> relevant und von Interesse f\u00fcr Kunden und andere Besucher der Website <strong>https:\/\/afinomaq.pt\/<\/strong>.<\/p><p>Kunden und andere Website-Besucher <strong>https:\/\/afinomaq.pt\/<\/strong> k\u00f6nnen die Verwendung von Cookies durch Google jederzeit \u00fcber die Google Ads-Einstellungen deaktivieren.<\/p><h4>Google Analytics Browser Opt-out Add-on<\/h4><p>Google hat das Google Analytics Opt-out Browser Add-on entwickelt, das den Nutzern mehr Kontrolle dar\u00fcber gibt, wie ihre Daten von Google Analytics verwaltet werden. Das Add-on kommuniziert mit dem Google Analytics JavaScript (ga.js), um festzulegen, welche Daten \u00fcber den Besuch der Website nicht an Google Analytics \u00fcbermittelt werden sollen. Das Google Analytics Opt-out Browser Add-on verhindert nicht, dass Daten an die Website selbst oder an andere Webanalysedienste gesendet werden.<\/p><h4>Kontrolle und Blockierung von Cookies<\/h4><p>Alle Browser erm\u00f6glichen es dem Nutzer, Cookies zu akzeptieren, abzulehnen oder zu l\u00f6schen, indem er die entsprechenden Einstellungen in seinem Browser vornimmt. Sie k\u00f6nnen Cookies im Men\u00fc \u201cOptionen\u201d oder \u201cEinstellungen\u201d Ihres Browsers konfigurieren. Wenn Sie Cookies akzeptieren, k\u00f6nnen sie viele Jahre lang auf Ihrem Computer gespeichert bleiben, sofern Sie sie nicht l\u00f6schen.<\/p><p>Bitte beachten Sie jedoch, dass die Deaktivierung von Cookies dazu f\u00fchren kann, dass einige Webdienste nicht ordnungsgem\u00e4\u00df funktionieren und die Navigation auf der Website teilweise oder vollst\u00e4ndig beeintr\u00e4chtigt wird. Um mehr \u00fcber Cookies zu erfahren, einschlie\u00dflich der Frage, wie Sie sehen k\u00f6nnen, welche Cookies erstellt wurden, und wie Sie diese verwalten und l\u00f6schen k\u00f6nnen, besuchen Sie www.allaboutcookies.org. Dort finden Sie auch Informationen dar\u00fcber, wie Sie Ihre Einstellungen f\u00fcr die verschiedenen Browser-Anbieter verwalten k\u00f6nnen.<\/p>\t\t\t\t\t\t\t\t<\/div>\n\t\t\t\t\t<\/div>\n\t\t\t\t<\/div>\n\t\t\t\t<\/div>","protected":false},"excerpt":{"rendered":"<p>Pol\u00edtica de Cookies Pol\u00edtica de Cookies \u00daltima Atualiza\u00e7\u00e3o em: 29 de abril de 2026 Resumo As p\u00e1ginas \u201cPol\u00edtica de Privacidade\u201d e \u201cPol\u00edtica de Cookies\u201d descrevem como o https:\/\/afinomaq.pt\/ trata as informa\u00e7\u00f5es pessoais que nos fornece por aceder a este site. [&hellip;]<\/p>\n","protected":false},"author":1,"featured_media":0,"parent":0,"menu_order":0,"comment_status":"closed","ping_status":"closed","template":"elementor_header_footer","meta":{"footnotes":""},"class_list":["post-10506","page","type-page","status-publish","hentry"],"_links":{"self":[{"href":"https:\/\/afinomaq.pt\/de\/wp-json\/wp\/v2\/pages\/10506","targetHints":{"allow":["GET"]}}],"collection":[{"href":"https:\/\/afinomaq.pt\/de\/wp-json\/wp\/v2\/pages"}],"about":[{"href":"https:\/\/afinomaq.pt\/de\/wp-json\/wp\/v2\/types\/page"}],"author":[{"embeddable":true,"href":"https:\/\/afinomaq.pt\/de\/wp-json\/wp\/v2\/users\/1"}],"replies":[{"embeddable":true,"href":"https:\/\/afinomaq.pt\/de\/wp-json\/wp\/v2\/comments?post=10506"}],"version-history":[{"count":7,"href":"https:\/\/afinomaq.pt\/de\/wp-json\/wp\/v2\/pages\/10506\/revisions"}],"predecessor-version":[{"id":10583,"href":"https:\/\/afinomaq.pt\/de\/wp-json\/wp\/v2\/pages\/10506\/revisions\/10583"}],"wp:attachment":[{"href":"https:\/\/afinomaq.pt\/de\/wp-json\/wp\/v2\/media?parent=10506"}],"curies":[{"name":"wp","href":"https:\/\/api.w.org\/{rel}","templated":true}]}}